{"id":2071,"date":"2025-07-17T16:34:34","date_gmt":"2025-07-17T14:34:34","guid":{"rendered":"https:\/\/www.poligraficaveneta.it\/?page_id=2071"},"modified":"2025-08-06T16:57:23","modified_gmt":"2025-08-06T14:57:23","slug":"zertifizierungen-und-wirkungsmessungen","status":"publish","type":"page","link":"https:\/\/www.poligraficaveneta.it\/de\/zertifizierungen-und-wirkungsmessungen\/","title":{"rendered":"Zertifizierungen und Wirkungsmessungen"},"content":{"rendered":"<div class=\"wpb-content-wrapper\">[vc_row inner_container=&#8221;true&#8221; padding_top=&#8221;50px&#8221; padding_bottom=&#8221;30px&#8221; bg_video=&#8221;&#8221; class=&#8221;&#8221; style=&#8221;&#8221;][vc_column fade_animation_offset=&#8221;45px&#8221; alignment=&#8221;center&#8221; width=&#8221;1\/1&#8243; id=&#8221;&#8221; class=&#8221;&#8221; style=&#8221;&#8221;][vc_raw_html css=&#8221;&#8221;]JTNDaDElM0UlM0NzcGFuJTIwY2xhc3MlM0QlMjJzdWJ0aXRsZSUyMiUzRUNhcmJvbiUyMGZvb3QlMjBwcmludCUyMCUzQyUyRnNwYW4lM0UlM0MlMkZoMSUzRQ==[\/vc_raw_html]<hr  class=\"x-gap\" style=\"margin: 30px 0 0 0;\"><p><b>Was <\/b><b>ist<\/b> <b>die<\/b> <b>Carbon Footprint von Organisationen <\/b><\/p>\n<p>Die Carbon Footprint von Organisationen erm\u00f6glicht es Unternehmen, die Aktivit\u00e4ten, Quellen und Intensit\u00e4t der Emissionen von klimarelevanten Gasen zu identifizieren: <b>ein Bild<\/b>, um zu verstehen, wo Ma\u00dfnahmen zur Reduzierung der Emissionen dieser Gase ergriffen werden k\u00f6nnen, um aktiv an der \u00f6kologischen Transformation teilzunehmen.<\/p>\n<hr  class=\"x-gap\" style=\"margin: 30px 0 0 0;\">[vc_single_image image=&#8221;2118&#8243; img_size=&#8221;full&#8221; alignment=&#8221;center&#8221; css=&#8221;&#8221; title=&#8221;Bericht \u00fcber den Papiersektor&#8221;]<p><b>Ergebnis<\/b><\/p>\n<p><b>Die Emissionen im Zusammenhang mit den Aktivit\u00e4ten innerhalb der Grenzen der Inventarliste betragen:<\/b><\/p>\n<p>&nbsp;<\/p>\n<p><b>16 501,17 <\/b><b>Tonnen<\/b> <b>CO\u2082eq<\/b><b>*<\/b><\/p>\n<p><b>INTENSIT\u00c4T: 3,77 kg <\/b><b>CO\u2082eq<\/b><b> \/ kg**<\/b><\/p>\n<p><i>* <\/i><i>GHG-Inventar, durchgef\u00fchrt nach den Grunds\u00e4tzen der ISO <\/i><i>14064-1:2018 | <\/i><i>Berechnung nicht durch eine dritte Partei validiert<\/i><i>** <\/i><i>Unter Ber\u00fccksichtigung der gesamten Produktion 2024 gem\u00e4\u00df der bereitgestellten Dokumentation von 4.382 Tonnen, die verkauft wurden <\/i><i>&#8211; <\/i><i>Kartenaufteilung<\/i><\/p>\n[\/vc_column][\/vc_row][vc_row no_margin=&#8221;true&#8221; padding_top=&#8221;0px&#8221; padding_bottom=&#8221;0px&#8221; enable_second_overlay=&#8221;true&#8221; second_overlay_opacity=&#8221;75&#8243; second_background_color=&#8221;#000000&#8243; enable_parallax=&#8221;true&#8221; parallax_background=&#8221;1054&#8243; parallax_style=&#8221;classic-fast&#8221; bg_video=&#8221;&#8221; class=&#8221;&#8221; style=&#8221;&#8221;][vc_column fade_animation_offset=&#8221;45px&#8221; width=&#8221;1\/1&#8243;][vc_row_inner inner_container=&#8221;true&#8221; padding_top=&#8221;0px&#8221; padding_bottom=&#8221;0px&#8221; bg_video=&#8221;&#8221; class=&#8221;dark&#8221; style=&#8221;&#8221;][vc_column_inner fade_animation_offset=&#8221;45px&#8221; alignment=&#8221;center&#8221; width=&#8221;1\/1&#8243; id=&#8221;&#8221; class=&#8221;&#8221; style=&#8221;&#8221;]<hr  class=\"x-gap\" style=\"margin: 60px 0 0 0;\">[vc_single_image image=&#8221;2121&#8243; img_size=&#8221;full&#8221; alignment=&#8221;center&#8221; css=&#8221;&#8221; title=&#8221;Bericht \u00fcber den Kunststoffsektor&#8221;]<p>Ergebnis<\/p>\n<p>Die Emissionen im Zusammenhang mit den Aktivit\u00e4ten innerhalb der Grenzen der Inventarliste betragen:<\/p>\n<p><b>34.665 <\/b><b>Tonnen<\/b><b> di <\/b><b>CO\u2082eq<\/b><b>*<\/b><\/p>\n<p><b>INTENSIT\u00c4T: 3,685 kg <\/b><b>CO\u2082eq<\/b><b> \/ kg**<\/b><\/p>\n<p><i>* <\/i><i>GHG-Inventar, durchgef\u00fchrt nach den Grunds\u00e4tzen der ISO <\/i><i>14064-1:2018 | <\/i><i>Berechnung nicht durch eine dritte Partei validiert<\/i><i>** <\/i><i>Unter Ber\u00fccksichtigung der gesamten Produktion 2024 gem\u00e4\u00df der bereitgestellten Dokumentation von 4.382 Tonnen, die verkauft wurden <\/i><i>\u2013 <\/i><i>Kunststoffaufteilung<\/i><\/p>\n<hr  class=\"x-gap\" style=\"margin: 60px 0 0 0;\">[\/vc_column_inner][\/vc_row_inner][\/vc_column][\/vc_row][vc_row inner_container=&#8221;true&#8221; no_margin=&#8221;true&#8221; padding_top=&#8221;30px&#8221; padding_bottom=&#8221;50px&#8221; bg_video=&#8221;&#8221; class=&#8221;&#8221; style=&#8221;&#8221;][vc_column fade_animation_offset=&#8221;45px&#8221; alignment=&#8221;center&#8221; width=&#8221;1\/1&#8243; id=&#8221;&#8221; class=&#8221;&#8221; style=&#8221;&#8221;][vc_raw_html css=&#8221;&#8221;]JTNDaDIlM0UlM0NzcGFuJTIwY2xhc3MlM0QlMjJzdWJ0aXRsZSUyMiUzRUNoYWluLW9mLUN1c3RvZHktWmVydGlmaWthdGUlM0MlMkZzcGFuJTNFJTNDJTJGaDIlM0U=[\/vc_raw_html]<hr  class=\"x-gap\" style=\"margin: 30px 0 0 0;\"><p>Poligrafica Veneta konzentriert sich zunehmend auf wirtschaftliche T\u00e4tigkeiten, die einen konkreten Schritt in Richtung Umweltschutz darstellen. Der wichtigste Aspekt ist dabei die Garantie, dass das Papier auf rechtm\u00e4\u00dfige und nachhaltige Weise produziert wird und aus W\u00e4ldern mit unabh\u00e4ngiger Zertifizierung stammt. Diesbez\u00fcglich hat das Unternehmen im Dezember 2010 auch die Produktkettenzertifizierung erlangt.<\/p>\n<p>Als weitere Garantie f\u00fcr die Papierherstellung mit Materialien aus umweltvertr\u00e4glich bewirtschafteten W\u00e4ldern wurde ein System zur R\u00fcckverfolgbarkeit des Papiers w\u00e4hrend des Produktionsprozesses implementiert. Das f\u00fcr den Produktionsprozess verwendete Papier kommt ausschlie\u00dflich aus zertifizierten W\u00e4ldern, in denen ein f\u00fcr den Schutz der Umwelt und des nat\u00fcrlichen Habitats notwendiger Baumbestand erhalten bleibt.<\/p>\n<p>Dies ist auch f\u00fcr unsere Kunden ein wichtiger Aspekt: Poligrafica Veneta bietet ihnen die M\u00f6glichkeit, das Image ihres Unternehmens dank der Verwendung von nachhaltigen Verpackungen aus erneuerbaren Quellen zu f\u00f6rdern.<\/p>\n<hr  class=\"x-gap\" style=\"margin: 30px 0 0 0;\">[vc_row_inner inner_container=&#8221;true&#8221; padding_top=&#8221;30px&#8221; padding_bottom=&#8221;30px&#8221; bg_video=&#8221;&#8221; class=&#8221;&#8221; style=&#8221;&#8221;][vc_column_inner fade_animation_offset=&#8221;45px&#8221; width=&#8221;1\/4&#8243;]<hr  class=\"x-gap\" style=\"margin: 30px 0 0 0;\">[vc_single_image source=&#8221;external_link&#8221; external_img_size=&#8221;thumbnail&#8221; css=&#8221;&#8221; custom_src=&#8221;https:\/\/www.poligraficaveneta.it\/wp-content\/uploads\/2024\/12\/FSC_C103812_Promotional_with_text_Portrait_WhiteOnGreen_r_TrNap1-4.jpeg&#8221;]<hr  class=\"x-gap\" style=\"margin: 30px 0 0 0;\">[\/vc_column_inner][vc_column_inner fade_animation_offset=&#8221;45px&#8221; width=&#8221;1\/4&#8243;]<div data-id=\"mpc_icon_column-296a04ee8713a54\" class=\"mpc-icon-column mpc-init mpc-parent-hover mpc-transition mpc-icon-column--style_3 mpc-align--center \" ><div class=\"mpc-icon-column__content-wrap\"><div class=\"mpc-icon-column__content\"><h3 class=\"mpc-icon-column__heading mpc-transition\">FSC\u00ae<\/h3><div class=\"mpc-icon-column__description mpc-transition\"><p>Zertifizierte Produkte anfordern<\/p>\n<p>FSC\u00ae &#8211; The Forest Stewardship Council\u00ae A.C. \u2013 ist eine unabh\u00e4ngige Non-Profit-Organisation, die das Ziel einer verantwortungsvollen Bewirtschaftung der W\u00e4lder verfolgt.<\/p>\n<p>Die Mission von FSC\u00ae besteht darin, weltweit eine sowohl \u00f6kologisch als auch sozial vertr\u00e4gliche Forstwirtschaft durch die internationale Koordination von Personen, Organisationen und T\u00e4tigkeiten zu unterst\u00fctzen und gemeinsame L\u00f6sungen f\u00fcr eine nachhaltige Forstwirtschaft zu entwickeln.<\/p>\n<\/div><\/div><\/div><\/div><a href=\"https:\/\/www.poligraficaveneta.it\/wp-content\/uploads\/2023\/11\/CSI-COC-000444-FSC.pdf\" target=\"_blank\" title=\"FSC\u00ae\"  data-id=\"mpc_button-896a04ee8713bec\" class=\"mpc-button mpc-init mpc-transition mpc-typography--preset_1 \" ><div class=\"mpc-button__content mpc-effect-type--none mpc-effect-side--none\"><span class=\"mpc-button__title mpc-transition\">Certificato FSC\u00ae<\/span><\/div><div class=\"mpc-button__background mpc-transition mpc-effect-type--fade mpc-effect-side--in\"><\/div><\/a>[\/vc_column_inner][vc_column_inner fade_animation_offset=&#8221;45px&#8221; width=&#8221;1\/4&#8243;]<div data-id=\"mpc_icon_column-636a04ee8713c97\" class=\"mpc-icon-column mpc-init mpc-parent-hover mpc-transition mpc-icon-column--style_1 mpc-align--center \" ><div data-id=\"mpc_icon-256a04ee8713cc0\" class=\"mpc-icon mpc-init mpc-transition mpc-effect-none \"><div class=\"mpc-icon-wrap\"><i class=\"mpc-icon-part mpc-regular mpc-transition \"><\/i><\/div><\/div><div class=\"mpc-icon-column__content-wrap\"><div class=\"mpc-icon-column__content\"><div data-id=\"mpc_divider-986a04ee8713cf7\" class=\"mpc-divider-wrap\"><div class=\"mpc-divider mpc-init mpc-align--center mpc-disable--left \" ><div class=\"mpc-divider__line mpc-side--left\"><span><\/span><\/div><div class=\"mpc-divider__line mpc-side--right\"><span><\/span><\/div><\/div><\/div><\/div><\/div><\/div>[\/vc_column_inner][vc_column_inner fade_animation_offset=&#8221;45px&#8221; width=&#8221;1\/4&#8243;]<div data-id=\"mpc_icon_column-276a04ee8713d8c\" class=\"mpc-icon-column mpc-init mpc-parent-hover mpc-transition mpc-icon-column--style_3 mpc-align--center \" ><div class=\"mpc-icon-column__content-wrap\"><div class=\"mpc-icon-column__content\"><h3 class=\"mpc-icon-column__heading mpc-transition\">PEFC<\/h3><div class=\"mpc-icon-column__description mpc-transition\"><p>PEFC\u2122 &#8211; The Programme for the Endorsement of Forest.<\/p>\n<p>Certification \u2013 ist die wichtigste internationale Organisation f\u00fcr die Zertifizierung der Waldbewirtschaftung: sie basiert auf ca. 30 nationalen Vergabestandards und ca. 220 Mio. Hektar zertifizierter Waldfl\u00e4che.<\/p>\n<p>PEFC\u2122 f\u00f6rdert eine nachhaltige Forstwirtschaft durch Zertifizierungen Dritter und ein Zertifizierungssystem, das f\u00fcr kleine Waldbesitzer sowie f\u00fcr Familien- und Kollektivunternehmen geeignet ist.<\/p>\n<\/div><\/div><\/div><\/div><a href=\"https:\/\/www.poligraficaveneta.it\/wp-content\/uploads\/2023\/11\/CSI-PEFC-COC-000174.pdf\" target=\"_blank\" title=\"PEFC\u2122\"  data-id=\"mpc_button-706a04ee8713e59\" class=\"mpc-button mpc-init mpc-transition mpc-typography--preset_1 \" ><div class=\"mpc-button__content mpc-effect-type--none mpc-effect-side--none\"><span class=\"mpc-button__title mpc-transition\">Certificato PEFC<\/span><\/div><div class=\"mpc-button__background mpc-transition mpc-effect-type--fade mpc-effect-side--in\"><\/div><\/a>[\/vc_column_inner][\/vc_row_inner]<hr  class=\"x-gap\" style=\"margin: 30px 0 0 0;\">[\/vc_column][\/vc_row][vc_row padding_top=&#8221;0px&#8221; padding_bottom=&#8221;0px&#8221;][vc_column fade_animation_offset=&#8221;45px&#8221; width=&#8221;1\/1&#8243;]<img decoding=\"async\"  class=\"x-img\"  src=\"\" >[\/vc_column][\/vc_row][vc_row padding_top=&#8221;0px&#8221; padding_bottom=&#8221;0px&#8221;][vc_column fade_animation_offset=&#8221;45px&#8221; width=&#8221;1\/1&#8243;][\/vc_column][\/vc_row][vc_row padding_top=&#8221;0px&#8221; padding_bottom=&#8221;0px&#8221;][vc_column fade_animation_offset=&#8221;45px&#8221; width=&#8221;1\/1&#8243;][\/vc_column][\/vc_row]\n<\/div>","protected":false},"excerpt":{"rendered":"<p>[vc_row inner_container=&#8221;true&#8221; padding_top=&#8221;50px&#8221; padding_bottom=&#8221;30px&#8221; bg_video=&#8221;&#8221; class=&#8221;&#8221; style=&#8221;&#8221;][vc_column fade_animation_offset=&#8221;45px&#8221; alignment=&#8221;center&#8221; width=&#8221;1\/1&#8243; id=&#8221;&#8221; class=&#8221;&#8221; style=&#8221;&#8221;][vc_raw_html css=&#8221;&#8221;]JTNDaDElM0UlM0NzcGFuJTIwY2xhc3MlM0QlMjJzdWJ0aXRsZSUyMiUzRUNhcmJvbiUyMGZvb3QlMjBwcmludCUyMCUzQyUyRnNwYW4lM0UlM0MlMkZoMSUzRQ==[\/vc_raw_html][vc_single_image image=&#8221;2118&#8243; img_size=&#8221;full&#8221; alignment=&#8221;center&#8221; css=&#8221;&#8221; title=&#8221;Bericht \u00fcber den Papiersektor&#8221;][\/vc_column][\/vc_row][vc_row no_margin=&#8221;true&#8221; padding_top=&#8221;0px&#8221; padding_bottom=&#8221;0px&#8221; enable_second_overlay=&#8221;true&#8221; second_overlay_opacity=&#8221;75&#8243; second_background_color=&#8221;#000000&#8243; enable_parallax=&#8221;true&#8221; parallax_background=&#8221;1054&#8243; parallax_style=&#8221;classic-fast&#8221; bg_video=&#8221;&#8221; class=&#8221;&#8221; style=&#8221;&#8221;][vc_column fade_animation_offset=&#8221;45px&#8221; width=&#8221;1\/1&#8243;][vc_row_inner inner_container=&#8221;true&#8221; padding_top=&#8221;0px&#8221; padding_bottom=&#8221;0px&#8221; bg_video=&#8221;&#8221; class=&#8221;dark&#8221; style=&#8221;&#8221;][vc_column_inner fade_animation_offset=&#8221;45px&#8221; alignment=&#8221;center&#8221; width=&#8221;1\/1&#8243; id=&#8221;&#8221; class=&#8221;&#8221; style=&#8221;&#8221;][vc_single_image image=&#8221;2121&#8243; img_size=&#8221;full&#8221; alignment=&#8221;center&#8221; css=&#8221;&#8221; title=&#8221;Bericht \u00fcber den Kunststoffsektor&#8221;][\/vc_column_inner][\/vc_row_inner][\/vc_column][\/vc_row][vc_row inner_container=&#8221;true&#8221; no_margin=&#8221;true&#8221; padding_top=&#8221;30px&#8221; padding_bottom=&#8221;50px&#8221;<\/p>\n","protected":false},"author":11,"featured_media":0,"parent":0,"menu_order":0,"comment_status":"closed","ping_status":"closed","template":"template-blank-4.php","meta":{"footnotes":""},"class_list":["post-2071","page","type-page","status-publish","hentry","no-post-thumbnail"],"_links":{"self":[{"href":"https:\/\/www.poligraficaveneta.it\/de\/wp-json\/wp\/v2\/pages\/2071","targetHints":{"allow":["GET"]}}],"collection":[{"href":"https:\/\/www.poligraficaveneta.it\/de\/wp-json\/wp\/v2\/pages"}],"about":[{"href":"https:\/\/www.poligraficaveneta.it\/de\/wp-json\/wp\/v2\/types\/page"}],"author":[{"embeddable":true,"href":"https:\/\/www.poligraficaveneta.it\/de\/wp-json\/wp\/v2\/users\/11"}],"replies":[{"embeddable":true,"href":"https:\/\/www.poligraficaveneta.it\/de\/wp-json\/wp\/v2\/comments?post=2071"}],"version-history":[{"count":5,"href":"https:\/\/www.poligraficaveneta.it\/de\/wp-json\/wp\/v2\/pages\/2071\/revisions"}],"predecessor-version":[{"id":2287,"href":"https:\/\/www.poligraficaveneta.it\/de\/wp-json\/wp\/v2\/pages\/2071\/revisions\/2287"}],"wp:attachment":[{"href":"https:\/\/www.poligraficaveneta.it\/de\/wp-json\/wp\/v2\/media?parent=2071"}],"curies":[{"name":"wp","href":"https:\/\/api.w.org\/{rel}","templated":true}]}}