{"id":2064,"date":"2025-07-17T16:34:12","date_gmt":"2025-07-17T14:34:12","guid":{"rendered":"https:\/\/www.poligraficaveneta.it\/?page_id=2064"},"modified":"2025-07-22T10:35:42","modified_gmt":"2025-07-22T08:35:42","slug":"verantwortung","status":"publish","type":"page","link":"https:\/\/www.poligraficaveneta.it\/de\/verantwortung\/","title":{"rendered":"Verantwortung"},"content":{"rendered":"<div class=\"wpb-content-wrapper\">[vc_row inner_container=&#8221;true&#8221; padding_top=&#8221;50px&#8221; padding_bottom=&#8221;30px&#8221; bg_video=&#8221;&#8221; class=&#8221;&#8221; style=&#8221;&#8221;][vc_column fade_animation_offset=&#8221;45px&#8221; alignment=&#8221;center&#8221; width=&#8221;1\/1&#8243; id=&#8221;&#8221; class=&#8221;&#8221; style=&#8221;&#8221;][vc_raw_html css=&#8221;&#8221;]JTNDaDElM0UlM0NzcGFuJTIwY2xhc3MlM0QlMjJzdWJ0aXRsZSUyMiUzRU5hY2hoYWx0aWdrZWl0JTIwYmVkZXV0ZXQlMjBmJUMzJUJDciUyMHVucyUyMEtvbnNpc3RlbnolM0MlMkZzcGFuJTNFJTNDJTJGaDElM0U=[\/vc_raw_html]<hr  class=\"x-gap\" style=\"margin: 30px 0 0 0;\"><p>F\u00fcr Poligrafica Veneta bedeutet unternehmerisch t\u00e4tig zu sein, vor allem ernsthaft, ehrlich und respektvoll zu handeln: Werte, die inser t\u00e4gliches Arbeiten seit jehr leiten . Wir sind uns des Einflusses bewusst, den jede Produktionsaktivit\u00e4t haben kann, und deshalb bem\u00fchen wir uns, ihn konkret reduzieren.<\/p>\n<p><b>R&amp;D <\/b><\/p>\n<p>Wir investieren st\u00e4ndig in die Suche nach L\u00f6sungen und Materialien, die es uns erm\u00f6glichen, nachhaltigere Produkte anzubieten, die mit immer strengeren Umweltstandards kompatibel sind.<\/p>\n<p>LIEFERKETTEN-TRANSPARENZ<\/p>\n<p>Wir arbeiten mit Lieferanten zusammen, die einen sorgf\u00e4ltigen und verantwortungsvollen Ansatz teilen und Trasparenz und R\u00fcckverfolgbarkeit priorisieren.<\/p>\n<p>REDUZIERUNG VON ABF\u00c4LLEN<\/p>\n<p>Nachhaltigkeit bedeutet f\u00fcr uns auch, den Einsatz von Ressourcen zu optimieren, Verschwendung zu reduzieren und eine bewusstere Produktionsweise zu f\u00f6rdern, Tag f\u00fcr Tag.<\/p>\n<p>VERANTWORTUNG<\/p>\n<p>Unser Engagement entspringt einem Verantwortungsbewusstsein gegen\u00fcber den Menschen, mit denen wir arbeiten, dem Gebiet, in dem wir t\u00e4tig sind, und den Kunden, die uns w\u00e4hlen.<\/p>\n<p>MESSBARKEIT<\/p>\n<p>Wir suchen keine perfekten L\u00f6sungen, sondern konkrete, messbare und stetige Verbesserungen.<\/p>\n<p><a href=\"https:\/\/www.poligraficaveneta.it\/de\/zertifizierungen-und-wirkungsmessungen\/\">Deshalb haben wir den ersten Kohlenstoff-Fu\u00dfabdruck einer Organisation erstellt<\/a><\/p>\n[\/vc_column][\/vc_row][vc_row no_margin=&#8221;true&#8221; padding_top=&#8221;0px&#8221; padding_bottom=&#8221;0px&#8221; enable_second_overlay=&#8221;true&#8221; second_overlay_opacity=&#8221;75&#8243; second_background_color=&#8221;#000000&#8243; enable_parallax=&#8221;true&#8221; parallax_background=&#8221;1054&#8243; parallax_style=&#8221;classic-fast&#8221; bg_video=&#8221;&#8221; class=&#8221;&#8221; style=&#8221;&#8221;][vc_column fade_animation_offset=&#8221;45px&#8221; width=&#8221;1\/1&#8243;][vc_row_inner inner_container=&#8221;true&#8221; padding_top=&#8221;0px&#8221; padding_bottom=&#8221;0px&#8221; bg_video=&#8221;&#8221; class=&#8221;dark&#8221; style=&#8221;&#8221;][vc_column_inner fade_animation_offset=&#8221;45px&#8221; alignment=&#8221;center&#8221; width=&#8221;1\/1&#8243; id=&#8221;&#8221; class=&#8221;&#8221; style=&#8221;&#8221;]<hr  class=\"x-gap\" style=\"margin: 60px 0 0 0;\"><p>PERSONEN<\/p>\n<p>Wir sind uns bewusst, dass die Menschen das Herzst\u00fcck des Unternehmens sind.<\/p>\n<p>Die Fluktuation ist gering, was auf eine hohe Mitarbeiterbindung und eine offene Unternehmenskultur hinweist, in der ein konstruktiver Dialog gepflegt wird.<\/p>\n<p><b>Gebiet<\/b><\/p>\n<p>Poligrafica ist ein Unternehmen mit starken Wurzeln im Gebiet, seit 1969 befinden sich die beiden Produktionsst\u00e4tten in San Pietro in Gu (PD).<\/p>\n<p>Wir dr\u00fccken unsere Dankbarkeit aus und w\u00fcnschen uns, dass der Geist der Zusammengeh\u00f6rigkeit durch die Sponsoring von lokalen Veranstaltungen und Festen, aber auch von Fu\u00dfball- und Volleyball-Erstmannschaften, w\u00e4chst.<\/p>\n<p><b>Verhaltenskodex<\/b><\/p>\n<p>Der Ethikkodex ist ein erster konkreter Schritt in Richtung einer nachhaltigen Unternehmensf\u00fchrung.<\/p>\n<p>Mit dem Ziel, ein immer verantwortungsvolleres Unternehmen im Bereich ESG zu werden, haben wir dieses Instrument entwickelt, das unsere Werte hervorhebt und dazu beitr\u00e4gt, einen gesunden und gerechten Arbeitsplatz zu schaffen<\/p>\n<hr  class=\"x-gap\" style=\"margin: 60px 0 0 0;\">[\/vc_column_inner][\/vc_row_inner][\/vc_column][\/vc_row][vc_row inner_container=&#8221;true&#8221; no_margin=&#8221;true&#8221; padding_top=&#8221;30px&#8221; padding_bottom=&#8221;50px&#8221; bg_video=&#8221;&#8221; class=&#8221;&#8221; style=&#8221;&#8221;][vc_column fade_animation_offset=&#8221;45px&#8221; alignment=&#8221;center&#8221; width=&#8221;1\/1&#8243; id=&#8221;&#8221; class=&#8221;&#8221; style=&#8221;&#8221;]<hr  class=\"x-gap\" style=\"margin: 30px 0 0 0;\">[\/vc_column][\/vc_row]\n<\/div>","protected":false},"excerpt":{"rendered":"<p>[vc_row inner_container=&#8221;true&#8221; padding_top=&#8221;50px&#8221; padding_bottom=&#8221;30px&#8221; bg_video=&#8221;&#8221; class=&#8221;&#8221; style=&#8221;&#8221;][vc_column fade_animation_offset=&#8221;45px&#8221; alignment=&#8221;center&#8221; width=&#8221;1\/1&#8243; id=&#8221;&#8221; class=&#8221;&#8221; style=&#8221;&#8221;][vc_raw_html css=&#8221;&#8221;]JTNDaDElM0UlM0NzcGFuJTIwY2xhc3MlM0QlMjJzdWJ0aXRsZSUyMiUzRU5hY2hoYWx0aWdrZWl0JTIwYmVkZXV0ZXQlMjBmJUMzJUJDciUyMHVucyUyMEtvbnNpc3RlbnolM0MlMkZzcGFuJTNFJTNDJTJGaDElM0U=[\/vc_raw_html][\/vc_column][\/vc_row][vc_row no_margin=&#8221;true&#8221; padding_top=&#8221;0px&#8221; padding_bottom=&#8221;0px&#8221; enable_second_overlay=&#8221;true&#8221; second_overlay_opacity=&#8221;75&#8243; second_background_color=&#8221;#000000&#8243; enable_parallax=&#8221;true&#8221; parallax_background=&#8221;1054&#8243; parallax_style=&#8221;classic-fast&#8221; bg_video=&#8221;&#8221; class=&#8221;&#8221; style=&#8221;&#8221;][vc_column fade_animation_offset=&#8221;45px&#8221; width=&#8221;1\/1&#8243;][vc_row_inner inner_container=&#8221;true&#8221; padding_top=&#8221;0px&#8221; padding_bottom=&#8221;0px&#8221; bg_video=&#8221;&#8221; class=&#8221;dark&#8221; style=&#8221;&#8221;][vc_column_inner fade_animation_offset=&#8221;45px&#8221; alignment=&#8221;center&#8221; width=&#8221;1\/1&#8243; id=&#8221;&#8221; class=&#8221;&#8221; style=&#8221;&#8221;][\/vc_column_inner][\/vc_row_inner][\/vc_column][\/vc_row][vc_row inner_container=&#8221;true&#8221; no_margin=&#8221;true&#8221; padding_top=&#8221;30px&#8221; padding_bottom=&#8221;50px&#8221; bg_video=&#8221;&#8221; class=&#8221;&#8221; style=&#8221;&#8221;][vc_column fade_animation_offset=&#8221;45px&#8221; alignment=&#8221;center&#8221; width=&#8221;1\/1&#8243; id=&#8221;&#8221; class=&#8221;&#8221; style=&#8221;&#8221;][\/vc_column][\/vc_row]<\/p>\n","protected":false},"author":11,"featured_media":0,"parent":0,"menu_order":0,"comment_status":"closed","ping_status":"closed","template":"template-blank-4.php","meta":{"footnotes":""},"class_list":["post-2064","page","type-page","status-publish","hentry","no-post-thumbnail"],"_links":{"self":[{"href":"https:\/\/www.poligraficaveneta.it\/de\/wp-json\/wp\/v2\/pages\/2064","targetHints":{"allow":["GET"]}}],"collection":[{"href":"https:\/\/www.poligraficaveneta.it\/de\/wp-json\/wp\/v2\/pages"}],"about":[{"href":"https:\/\/www.poligraficaveneta.it\/de\/wp-json\/wp\/v2\/types\/page"}],"author":[{"embeddable":true,"href":"https:\/\/www.poligraficaveneta.it\/de\/wp-json\/wp\/v2\/users\/11"}],"replies":[{"embeddable":true,"href":"https:\/\/www.poligraficaveneta.it\/de\/wp-json\/wp\/v2\/comments?post=2064"}],"version-history":[{"count":3,"href":"https:\/\/www.poligraficaveneta.it\/de\/wp-json\/wp\/v2\/pages\/2064\/revisions"}],"predecessor-version":[{"id":2253,"href":"https:\/\/www.poligraficaveneta.it\/de\/wp-json\/wp\/v2\/pages\/2064\/revisions\/2253"}],"wp:attachment":[{"href":"https:\/\/www.poligraficaveneta.it\/de\/wp-json\/wp\/v2\/media?parent=2064"}],"curies":[{"name":"wp","href":"https:\/\/api.w.org\/{rel}","templated":true}]}}