{"id":2003,"date":"2025-07-14T16:09:36","date_gmt":"2025-07-14T14:09:36","guid":{"rendered":"https:\/\/www.poligraficaveneta.it\/?page_id=2003"},"modified":"2025-07-22T10:18:22","modified_gmt":"2025-07-22T08:18:22","slug":"homepage-2-2","status":"publish","type":"page","link":"https:\/\/www.poligraficaveneta.it\/de\/","title":{"rendered":"Homepage"},"content":{"rendered":"<div class=\"wpb-content-wrapper\">[vc_row inner_container=&#8221;true&#8221; no_margin=&#8221;true&#8221; padding_top=&#8221;30px&#8221; padding_bottom=&#8221;30px&#8221; marginless_columns=&#8221;true&#8221; bg_color=&#8221;#1f2025&#8243; bg_video=&#8221;&#8221; class=&#8221;dark prodotti&#8221; style=&#8221;margin-top:-2px !important;&#8221;][vc_column fade_animation_offset=&#8221;45px&#8221; width=&#8221;1\/4&#8243; id=&#8221;&#8221; class=&#8221;prodotti-image&#8221; style=&#8221;&#8221;]<div data-id=\"mpc_image-446a04de9533ec4\" onclick=\"\" class=\"mpc-image mpc-init  mpc-overlay--fade\"  data-align=\"middle-center\"><div class=\"mpc-item mpc-transition\"><img loading=\"lazy\" decoding=\"async\" width=\"300\" height=\"250\" src=\"https:\/\/www.poligraficaveneta.it\/wp-content\/uploads\/2019\/09\/20190902_122127-2-300x250.jpg\" class=\"mpc-transition attachment-medium\" alt=\"\" title=\"20190902_122127\" srcset=\"https:\/\/www.poligraficaveneta.it\/wp-content\/uploads\/2019\/09\/20190902_122127-2-300x250.jpg 300w, https:\/\/www.poligraficaveneta.it\/wp-content\/uploads\/2019\/09\/20190902_122127-2-100x83.jpg 100w, https:\/\/www.poligraficaveneta.it\/wp-content\/uploads\/2019\/09\/20190902_122127-2.jpg 480w\" sizes=\"auto, (max-width: 300px) 100vw, 300px\" \/><div class=\"mpc-item-overlay mpc-transition\"><div class=\"mpc-overlay--vertical-wrap\"><div class=\"mpc-overlay--vertical\"><a href=\"https:\/\/poligraficaveneta.it\/de\/papierverpackungen\/\" title=\"Papierverpackungen\"  class=\"mpc-icon-anchor\"><i class=\"mpc-item-overlay__icon mpc-type--external mpc-icon--icon etl etl-attachment\"><\/i><\/a><\/div><\/div><\/div><\/div><\/div>[\/vc_column][vc_column fade_animation_offset=&#8221;45px&#8221; width=&#8221;1\/4&#8243; id=&#8221;&#8221; class=&#8221;prodotti-text&#8221; style=&#8221;&#8221;]<h3 style=\"font-size: 24px;\">Papierverpackungen<\/h3>\n<p>Der Bereich f\u00fcr Industrieverpackungen aus Papier von Poligrafica Veneta befindet sich in einem neuen und modernen Werk, das sich durch fortschrittliche<\/p>\n<a href=\"https:\/\/poligraficaveneta.it\/de\/papierverpackungen\/\" title=\"Papierverpackungen\"  data-id=\"mpc_button-56a04de9533fed\" class=\"mpc-button mpc-init mpc-transition mpc-typography--preset_1 mpc-display--block \" ><div class=\"mpc-button__content mpc-effect-type--none mpc-effect-side--none\"><span class=\"mpc-button__title mpc-transition\">zu den Produkten<\/span><\/div><div class=\"mpc-button__background mpc-transition mpc-effect-type--fade mpc-effect-side--in\"><\/div><\/a><hr  class=\"x-gap\" style=\"margin: 20px 0 0 0;\">[\/vc_column][vc_column fade_animation_offset=&#8221;45px&#8221; width=&#8221;1\/4&#8243; id=&#8221;&#8221; class=&#8221;prodotti-image&#8221; style=&#8221;&#8221;]<div data-id=\"mpc_image-606a04de9534f11\" onclick=\"\" class=\"mpc-image mpc-init  mpc-overlay--fade\"  data-align=\"middle-center\"><div class=\"mpc-item mpc-transition\"><img loading=\"lazy\" decoding=\"async\" width=\"300\" height=\"250\" src=\"https:\/\/www.poligraficaveneta.it\/wp-content\/uploads\/2019\/07\/imballaggi-polietilene-300x250.jpg\" class=\"mpc-transition attachment-medium\" alt=\"\" title=\"imballaggi polietilene\" srcset=\"https:\/\/www.poligraficaveneta.it\/wp-content\/uploads\/2019\/07\/imballaggi-polietilene-300x250.jpg 300w, https:\/\/www.poligraficaveneta.it\/wp-content\/uploads\/2019\/07\/imballaggi-polietilene-100x83.jpg 100w, https:\/\/www.poligraficaveneta.it\/wp-content\/uploads\/2019\/07\/imballaggi-polietilene.jpg 480w\" sizes=\"auto, (max-width: 300px) 100vw, 300px\" \/><div class=\"mpc-item-overlay mpc-transition\"><div class=\"mpc-overlay--vertical-wrap\"><div class=\"mpc-overlay--vertical\"><a href=\"https:\/\/poligraficaveneta.it\/de\/polyethylenverpackungen\/\" title=\"Polyethylenverpackungen\"  class=\"mpc-icon-anchor\"><i class=\"mpc-item-overlay__icon mpc-type--external mpc-icon--icon etl etl-attachment\"><\/i><\/a><\/div><\/div><\/div><\/div><\/div>[\/vc_column][vc_column fade_animation_offset=&#8221;45px&#8221; width=&#8221;1\/4&#8243; id=&#8221;&#8221; class=&#8221;prodotti-text&#8221; style=&#8221;&#8221;]<h3 style=\"font-size: 24px;\">Polyethylenverpackungen<\/h3>\n<p>Der Bereich Polyethylen stellt vor allem Lebensmittelverpackungen her und zeichnet sich durch modernste Technologien aus.<\/p>\n<a href=\"https:\/\/poligraficaveneta.it\/de\/polyethylenverpackungen\/\" title=\"Polyethylenverpackungen\"  data-id=\"mpc_button-436a04de953502b\" class=\"mpc-button mpc-init mpc-transition mpc-typography--preset_1 mpc-display--block \" ><div class=\"mpc-button__content mpc-effect-type--none mpc-effect-side--none\"><span class=\"mpc-button__title mpc-transition\">zu den Produkten<\/span><\/div><div class=\"mpc-button__background mpc-transition mpc-effect-type--fade mpc-effect-side--in\"><\/div><\/a><hr  class=\"x-gap\" style=\"margin: 20px 0 0 0;\">[\/vc_column][\/vc_row][vc_row inner_container=&#8221;true&#8221; padding_top=&#8221;60px&#8221; padding_bottom=&#8221;60px&#8221; bg_video=&#8221;&#8221; class=&#8221;&#8221; style=&#8221;&#8221;][vc_column fade_animation_offset=&#8221;45px&#8221; alignment=&#8221;center&#8221; width=&#8221;1\/1&#8243; id=&#8221;&#8221; class=&#8221;&#8221; style=&#8221;&#8221;][vc_raw_html]JTNDaDElM0UlM0NzcGFuJTIwY2xhc3MlM0QlMjJzdWJ0aXRsZSUyMiUzRTE5NjklMjAtJTIwMjAxOSUzQyUyRnNwYW4lM0U1MCUyMGphaHJlbGFuZ2UlMjBFcmZhaHJ1bmclM0MlMkZoMSUzRQ==[\/vc_raw_html]<hr  class=\"x-gap\" style=\"margin: 35px 0 0 0;\"><p>Poligrafica Veneta S.r.l. wurde am 6. August 1969 von den drei Familien Casarotto, Grazioli und Meneghetti gegr\u00fcndet.<\/p>\n<p>W\u00e4hrend seines 50-j\u00e4hrigen Bestehens konnte sich das Unternehmen dank Professionalit\u00e4t und unerm\u00fcdlichem Einsatz kontinuierlich weiterentwickeln, ohne dabei seine Grundwerte aus dem Auge zu verlieren, die von Generation zu Generation weitervererbt werden. Auf dem heutigen Markt zeichnet sich Poligrafica Veneta sowohl durch Erfahrung und Innovation, als auch durch Kompetenz, Flexibilit\u00e4t und eine hohe Produktionsqualit\u00e4t aus.<\/p>\n<p>Dieses bedeutende Ergebnis ist auch der tatkr\u00e4ftigen Mitarbeit unserer Besch\u00e4ftigten zu verdanken, die die Unternehmensphilosophie und Ziele von Poligrafica Veneta stets geteilt haben.<\/p>\n<a href=\"https:\/\/poligraficaveneta.it\/de\/unternehmen\/\" title=\"Azienda\"  data-id=\"mpc_button-176a04de95350f3\" class=\"mpc-button mpc-init mpc-transition mpc-typography--preset_1 \" ><div class=\"mpc-button__content mpc-effect-type--none mpc-effect-side--none\"><span class=\"mpc-button__title mpc-transition\">erfahren sie n\u00e4heres<\/span><\/div><div class=\"mpc-button__background mpc-transition mpc-effect-type--fade mpc-effect-side--in\"><\/div><\/a>[\/vc_column][\/vc_row][vc_row inner_container=&#8221;true&#8221; no_margin=&#8221;true&#8221; padding_top=&#8221;55px&#8221; padding_bottom=&#8221;55px&#8221; bg_video=&#8221;&#8221; class=&#8221;servizi&#8221; style=&#8221;&#8221; bg_color=&#8221;#1f2025&#8243;][vc_column fade_animation_offset=&#8221;45px&#8221; width=&#8221;1\/4&#8243;]<div data-id=\"mpc_icon_column-606a04de9535177\" class=\"mpc-icon-column mpc-init mpc-parent-hover mpc-transition mpc-icon-column--style_1 mpc-align--center \" ><div data-id=\"mpc_icon-726a04de95351a3\" class=\"mpc-icon mpc-init mpc-transition mpc-effect-none mpc-icon-hover \"><div class=\"mpc-icon-wrap\"><i class=\"mpc-icon-part mpc-regular mpc-transition  etl etl-chat\"><\/i><i class=\"mpc-icon-part mpc-hover mpc-transition  etl etl-chat\"><\/i><\/div><\/div><div class=\"mpc-icon-column__content-wrap\"><div class=\"mpc-icon-column__content\"><h3 class=\"mpc-icon-column__heading mpc-typography--preset_0 mpc-transition\">Service<\/h3><div class=\"mpc-icon-column__description mpc-typography--preset_1 mpc-transition\"><p>Entwicklung kundenspezifischer L\u00f6sungen f\u00fcr Papier- und Polyethylenverpackungen, Innovation und Beratung<\/p>\n<\/div><\/div><\/div><\/div>[\/vc_column][vc_column fade_animation_offset=&#8221;45px&#8221; width=&#8221;1\/4&#8243;]<div data-id=\"mpc_icon_column-46a04de9535274\" class=\"mpc-icon-column mpc-init mpc-parent-hover mpc-transition mpc-icon-column--style_1 mpc-align--center \" ><div data-id=\"mpc_icon-266a04de9535297\" class=\"mpc-icon mpc-init mpc-transition mpc-effect-none mpc-icon-hover \"><div class=\"mpc-icon-wrap\"><i class=\"mpc-icon-part mpc-regular mpc-transition  etl etl-adjustments\"><\/i><i class=\"mpc-icon-part mpc-hover mpc-transition  etl etl-adjustments\"><\/i><\/div><\/div><div class=\"mpc-icon-column__content-wrap\"><div class=\"mpc-icon-column__content\"><h3 class=\"mpc-icon-column__heading mpc-typography--preset_0 mpc-transition\">Flexibilit\u00e4t<\/h3><div class=\"mpc-icon-column__description mpc-typography--preset_1 mpc-transition\"><p>Erf\u00fcllung der Kundenbed\u00fcrfnisse in Bezug auf spezifische Produktanforderungen und Lieferzeiten<\/p>\n<\/div><\/div><\/div><\/div>[\/vc_column][vc_column fade_animation_offset=&#8221;45px&#8221; width=&#8221;1\/4&#8243;]<div data-id=\"mpc_icon_column-686a04de953531d\" class=\"mpc-icon-column mpc-init mpc-parent-hover mpc-transition mpc-icon-column--style_1 mpc-align--center \" ><div data-id=\"mpc_icon-646a04de9535346\" class=\"mpc-icon mpc-init mpc-transition mpc-effect-none mpc-icon-hover \"><div class=\"mpc-icon-wrap\"><i class=\"mpc-icon-part mpc-regular mpc-transition  etl etl-recycle\"><\/i><i class=\"mpc-icon-part mpc-hover mpc-transition  etl etl-recycle\"><\/i><\/div><\/div><div class=\"mpc-icon-column__content-wrap\"><div class=\"mpc-icon-column__content\"><h3 class=\"mpc-icon-column__heading mpc-typography--preset_0 mpc-transition\">Verantwortungsvolle Produktion<\/h3><div class=\"mpc-icon-column__description mpc-typography--preset_1 mpc-transition\"><p>Wir arbeiten st\u00e4ndig an der Verbesserung unserer Productiomsprozesse und der Suchenach innovativen Materialen, um die Umweltauswirkungen der Produkte w\u00e4hrend des gesamten Lebenszyklus zu reduzieren.<\/p>\n<\/div><\/div><\/div><\/div>[\/vc_column][vc_column fade_animation_offset=&#8221;45px&#8221; width=&#8221;1\/4&#8243;]<div data-id=\"mpc_icon_column-376a04de95353d5\" class=\"mpc-icon-column mpc-init mpc-parent-hover mpc-transition mpc-icon-column--style_1 mpc-align--center \" ><div data-id=\"mpc_icon-366a04de95353ef\" class=\"mpc-icon mpc-init mpc-transition mpc-effect-none mpc-icon-hover \"><div class=\"mpc-icon-wrap\"><i class=\"mpc-icon-part mpc-regular mpc-transition  etl etl-trophy\"><\/i><i class=\"mpc-icon-part mpc-hover mpc-transition  etl etl-trophy\"><\/i><\/div><\/div><div class=\"mpc-icon-column__content-wrap\"><div class=\"mpc-icon-column__content\"><h3 class=\"mpc-icon-column__heading mpc-typography--preset_0 mpc-transition\">Qualit\u00e4t<\/h3><div class=\"mpc-icon-column__description mpc-typography--preset_1 mpc-transition\"><p>Wir entwickeln unsere Produkte kontinuierlich weiter und investieren in modernste Technologien, um einen effizienten Produktionsprozess zu garantieren<\/p>\n<\/div><\/div><\/div><\/div>[\/vc_column][\/vc_row][vc_row inner_container=&#8221;true&#8221; no_margin=&#8221;true&#8221; padding_top=&#8221;0px&#8221; padding_bottom=&#8221;40px&#8221; bg_color=&#8221;#000000&#8243; bg_video=&#8221;&#8221; class=&#8221;categorie&#8221; style=&#8221;&#8221;][vc_column fade_animation_offset=&#8221;45px&#8221; alignment=&#8221;center&#8221; width=&#8221;1\/1&#8243; id=&#8221;&#8221; class=&#8221;&#8221; style=&#8221;&#8221;]<hr  class=\"x-gap\" style=\"margin: 20px 0 0 0;\"><h3>warengruppen<\/h3>\n<hr  class=\"x-gap\" style=\"margin: 35px 0 0 0;\"><div class=\"mpc-carousel__wrapper mpc-waypoint\"><div id=\"mpc_carousel_anything-486a04de95354dd\" class=\"mpc-carousel-anything mpc-init \"  data-mpcslick='{\"infinite\":true,\"autoplay\":false,\"slidesToShow\":3,\"slidesToScroll\":1,\"centerMode\":false,\"initialSlide\":0}' data-slick-cols=\"3\"><div data-id=\"mpc_callout-256a04de9535606\" class=\"mpc-callout mpc-init mpc-callout--style_8 \" ><div class=\"mpc-callout__content\"><h3 class=\"mpc-callout__heading mpc-typography--preset_0\">SOS Papiert\u00fcten<\/h3><div data-id=\"mpc_divider-516a04de9535673\" class=\"mpc-divider-wrap\"><div class=\"mpc-divider mpc-init mpc-align--center mpc-disable--left \" ><div class=\"mpc-divider__line mpc-side--left\"><span><\/span><\/div><div class=\"mpc-divider__line mpc-side--right\"><span><\/span><\/div><\/div><\/div><div class=\"mpc-callout__description mpc-typography--preset_1\"><p>T\u00fcten mit quadratischem Boden und mit oder ohne Griff, von 0,5 und 1 kg bis zu 10 kg<\/p>\n<\/div><div class=\"mpc-callout__button mpc-align--left\"><a href=\"https:\/\/poligraficaveneta.it\/de\/papierverpackungen\/\" title=\"Imballi in carta\"  data-id=\"mpc_button-866a04de9535648\" class=\"mpc-button mpc-init mpc-transition mpc-typography--preset_2 \" ><div class=\"mpc-button__content mpc-effect-type--stay mpc-effect-side--right\"><span class=\"mpc-button__title mpc-transition\">Zu den Produkten<\/span><i class=\"mpc-button__icon mpc-transition  fa fa-chevron-right\"><\/i><\/div><div class=\"mpc-button__background mpc-transition mpc-effect-type--fade mpc-effect-side--in\"><\/div><\/a><\/div><\/div><\/div><div data-id=\"mpc_callout-766a04de9535732\" class=\"mpc-callout mpc-init mpc-callout--style_8 \" ><div class=\"mpc-callout__content\"><h3 class=\"mpc-callout__heading\">Bedruckte Papierrollen<\/h3><div data-id=\"mpc_divider-766a04de953577f\" class=\"mpc-divider-wrap\"><div class=\"mpc-divider mpc-init mpc-align--center mpc-disable--left \" ><div class=\"mpc-divider__line mpc-side--left\"><span><\/span><\/div><div class=\"mpc-divider__line mpc-side--right\"><span><\/span><\/div><\/div><\/div><div class=\"mpc-callout__description\"><p>Flexo- und Offsetdruck f\u00fcr den Lebensmittelbereich<\/p>\n<\/div><div class=\"mpc-callout__button mpc-align--left\"><a href=\"https:\/\/poligraficaveneta.it\/de\/papierverpackungen\/\" title=\"Imballi in carta\"  data-id=\"mpc_button-506a04de953575b\" class=\"mpc-button mpc-init mpc-transition \" ><div class=\"mpc-button__content mpc-effect-type--stay mpc-effect-side--right\"><span class=\"mpc-button__title mpc-transition\">Zu den Produkten<\/span><i class=\"mpc-button__icon mpc-transition  fa fa-chevron-right\"><\/i><\/div><div class=\"mpc-button__background mpc-transition mpc-effect-type--fade mpc-effect-side--in\"><\/div><\/a><\/div><\/div><\/div><div data-id=\"mpc_callout-326a04de9535834\" class=\"mpc-callout mpc-init mpc-callout--style_8 \" ><div class=\"mpc-callout__content\"><h3 class=\"mpc-callout__heading mpc-typography--preset_0\">Unbedruckte Folien<\/h3><div data-id=\"mpc_divider-296a04de953587b\" class=\"mpc-divider-wrap\"><div class=\"mpc-divider mpc-init mpc-align--center mpc-disable--left \" ><div class=\"mpc-divider__line mpc-side--left\"><span><\/span><\/div><div class=\"mpc-divider__line mpc-side--right\"><span><\/span><\/div><\/div><\/div><div class=\"mpc-callout__description mpc-typography--preset_1\"><p>Unbedruckte farblose oder farbige Folien f\u00fcr die Laminierung im Lebensmittelbereich<\/p>\n<\/div><div class=\"mpc-callout__button mpc-align--left\"><a href=\"https:\/\/poligraficaveneta.it\/de\/polyethylenverpackungen\/\" title=\"Imballi in carta\"  data-id=\"mpc_button-556a04de953585d\" class=\"mpc-button mpc-init mpc-transition mpc-typography--preset_2 \" ><div class=\"mpc-button__content mpc-effect-type--stay mpc-effect-side--right\"><span class=\"mpc-button__title mpc-transition\">Zu den Produkten<\/span><i class=\"mpc-button__icon mpc-transition  fa fa-chevron-right\"><\/i><\/div><div class=\"mpc-button__background mpc-transition mpc-effect-type--fade mpc-effect-side--in\"><\/div><\/a><\/div><\/div><\/div><div data-id=\"mpc_callout-646a04de953592c\" class=\"mpc-callout mpc-init mpc-callout--style_8 \" ><div class=\"mpc-callout__content\"><h3 class=\"mpc-callout__heading\">Bedruckte Folien<\/h3><div data-id=\"mpc_divider-806a04de953596f\" class=\"mpc-divider-wrap\"><div class=\"mpc-divider mpc-init mpc-align--center mpc-disable--left \" ><div class=\"mpc-divider__line mpc-side--left\"><span><\/span><\/div><div class=\"mpc-divider__line mpc-side--right\"><span><\/span><\/div><\/div><\/div><div class=\"mpc-callout__description\"><p>Farblose oder farbige Folien mit Flexodruck f\u00fcr den Lebensmittelbereich<\/p>\n<\/div><div class=\"mpc-callout__button mpc-align--left\"><a href=\"https:\/\/poligraficaveneta.it\/de\/polyethylenverpackungen\/\" title=\"Imballi in carta\"  data-id=\"mpc_button-556a04de9535953\" class=\"mpc-button mpc-init mpc-transition \" ><div class=\"mpc-button__content mpc-effect-type--stay mpc-effect-side--right\"><span class=\"mpc-button__title mpc-transition\">Zu den Produkten<\/span><i class=\"mpc-button__icon mpc-transition  fa fa-chevron-right\"><\/i><\/div><div class=\"mpc-button__background mpc-transition mpc-effect-type--fade mpc-effect-side--in\"><\/div><\/a><\/div><\/div><\/div><\/div><div class=\"mpc-navigation mpc-init mpc-align--center mpc-navigation--style_5  mpc-nav-preset--preset_0\" data-mpcslider=\"mpc_carousel_anything-486a04de95354dd\"><div class=\"mpc-nav__arrow mpcslick-prev\"><div class=\"mpc-nav__icon mpc-transition\"><i class=\" eti eti_arrow_carrot-left\"><div class=\"mpc-nav__background mpc-transition mpc-effect-type--fade mpc-effect-side--in\"><\/div><\/i><\/div><\/div><\/div><div class=\"mpc-navigation mpc-init mpc-align--center mpc-navigation--style_5  mpc-nav-preset--preset_0\" data-mpcslider=\"mpc_carousel_anything-486a04de95354dd\"><div class=\"mpc-nav__arrow mpcslick-next\"><div class=\"mpc-nav__icon mpc-transition\"><i class=\" eti eti_arrow_carrot-right\"><div class=\"mpc-nav__background mpc-transition mpc-effect-type--fade mpc-effect-side--in\"><\/div><\/i><\/div><\/div><\/div><\/div>[\/vc_column][\/vc_row]\n<\/div>","protected":false},"excerpt":{"rendered":"<p>[vc_row inner_container=&#8221;true&#8221; no_margin=&#8221;true&#8221; padding_top=&#8221;30px&#8221; padding_bottom=&#8221;30px&#8221; marginless_columns=&#8221;true&#8221; bg_color=&#8221;#1f2025&#8243; bg_video=&#8221;&#8221; class=&#8221;dark prodotti&#8221; style=&#8221;margin-top:-2px !important;&#8221;][vc_column fade_animation_offset=&#8221;45px&#8221; width=&#8221;1\/4&#8243; id=&#8221;&#8221; class=&#8221;prodotti-image&#8221; style=&#8221;&#8221;][\/vc_column][vc_column fade_animation_offset=&#8221;45px&#8221; width=&#8221;1\/4&#8243; id=&#8221;&#8221; class=&#8221;prodotti-text&#8221; style=&#8221;&#8221;][\/vc_column][vc_column fade_animation_offset=&#8221;45px&#8221; width=&#8221;1\/4&#8243; id=&#8221;&#8221; class=&#8221;prodotti-image&#8221; style=&#8221;&#8221;][\/vc_column][vc_column fade_animation_offset=&#8221;45px&#8221; width=&#8221;1\/4&#8243; id=&#8221;&#8221; class=&#8221;prodotti-text&#8221; style=&#8221;&#8221;][\/vc_column][\/vc_row][vc_row inner_container=&#8221;true&#8221; padding_top=&#8221;60px&#8221; padding_bottom=&#8221;60px&#8221; bg_video=&#8221;&#8221; class=&#8221;&#8221; style=&#8221;&#8221;][vc_column fade_animation_offset=&#8221;45px&#8221; alignment=&#8221;center&#8221; width=&#8221;1\/1&#8243; id=&#8221;&#8221; class=&#8221;&#8221; style=&#8221;&#8221;][vc_raw_html]JTNDaDElM0UlM0NzcGFuJTIwY2xhc3MlM0QlMjJzdWJ0aXRsZSUyMiUzRTE5NjklMjAtJTIwMjAxOSUzQyUyRnNwYW4lM0U1MCUyMGphaHJlbGFuZ2UlMjBFcmZhaHJ1bmclM0MlMkZoMSUzRQ==[\/vc_raw_html][\/vc_column][\/vc_row][vc_row inner_container=&#8221;true&#8221; no_margin=&#8221;true&#8221; padding_top=&#8221;55px&#8221; padding_bottom=&#8221;55px&#8221; bg_video=&#8221;&#8221; class=&#8221;servizi&#8221; style=&#8221;&#8221; bg_color=&#8221;#1f2025&#8243;][vc_column fade_animation_offset=&#8221;45px&#8221; width=&#8221;1\/4&#8243;][\/vc_column][vc_column fade_animation_offset=&#8221;45px&#8221; width=&#8221;1\/4&#8243;][\/vc_column][vc_column fade_animation_offset=&#8221;45px&#8221; width=&#8221;1\/4&#8243;][\/vc_column][vc_column fade_animation_offset=&#8221;45px&#8221; width=&#8221;1\/4&#8243;][\/vc_column][\/vc_row][vc_row<\/p>\n","protected":false},"author":11,"featured_media":0,"parent":0,"menu_order":0,"comment_status":"closed","ping_status":"closed","template":"template-blank-4.php","meta":{"footnotes":""},"class_list":["post-2003","page","type-page","status-publish","hentry","no-post-thumbnail"],"_links":{"self":[{"href":"https:\/\/www.poligraficaveneta.it\/de\/wp-json\/wp\/v2\/pages\/2003","targetHints":{"allow":["GET"]}}],"collection":[{"href":"https:\/\/www.poligraficaveneta.it\/de\/wp-json\/wp\/v2\/pages"}],"about":[{"href":"https:\/\/www.poligraficaveneta.it\/de\/wp-json\/wp\/v2\/types\/page"}],"author":[{"embeddable":true,"href":"https:\/\/www.poligraficaveneta.it\/de\/wp-json\/wp\/v2\/users\/11"}],"replies":[{"embeddable":true,"href":"https:\/\/www.poligraficaveneta.it\/de\/wp-json\/wp\/v2\/comments?post=2003"}],"version-history":[{"count":1,"href":"https:\/\/www.poligraficaveneta.it\/de\/wp-json\/wp\/v2\/pages\/2003\/revisions"}],"predecessor-version":[{"id":2021,"href":"https:\/\/www.poligraficaveneta.it\/de\/wp-json\/wp\/v2\/pages\/2003\/revisions\/2021"}],"wp:attachment":[{"href":"https:\/\/www.poligraficaveneta.it\/de\/wp-json\/wp\/v2\/media?parent=2003"}],"curies":[{"name":"wp","href":"https:\/\/api.w.org\/{rel}","templated":true}]}}