{"id":1276,"date":"2018-06-25T17:44:44","date_gmt":"2018-06-25T15:44:44","guid":{"rendered":"https:\/\/poligraficaveneta.it\/cookie-policy\/"},"modified":"2018-06-25T17:44:44","modified_gmt":"2018-06-25T15:44:44","slug":"cookie-policy","status":"publish","type":"page","link":"https:\/\/www.poligraficaveneta.it\/de\/cookie-policy\/","title":{"rendered":"Cookie policy"},"content":{"rendered":"<div class=\"wpb-content-wrapper\">[vc_row padding_top=&#8221;0px&#8221; padding_bottom=&#8221;0px&#8221;][vc_column fade_animation_offset=&#8221;45px&#8221; width=&#8221;1\/1&#8243;]<h2><strong>INFORMATIVA ESTESA DEI COOKIE<\/strong><\/h2>\n<p>Poligrafica Veneta srl, titolare del trattamento di dati effettuato attraverso l\u2019utilizzo di cookie dal sito internet www.poligraficaveneta.it rilascia le seguenti informazioni ai sensi degli articoli 13 e 14 del Regolamento Europeo n. 2016\/679.<\/p>\n<p>Nel nostro sito vengono utilizzati i cookie che permettono di raccogliere informazioni riguardanti l\u2019utente al fine di personalizzare i contenuti e di adattarli alle necessit\u00e0 dell\u2019utente (ad esempio modificando le impostazioni di visualizzazione in base al dispositivo utilizzato). Utilizziamo inoltre i dati per monitorare il traffico del nostro sito.<\/p>\n<p>Alcuni dati di utilizzo sono fornitori a soggetti terzi che si occupano di analisi dei dati di navigazione. Questi soggetti potrebbero utilizzare i dati da noi forniti combinandoli con altre informazioni da te fornite e in loro possesso.<\/p>\n<h3><strong>Definizione<\/strong><\/h3>\n<p>I\u00a0cookie sono brevi file di testo che fungono da marcatori informatici inviati da un server all\u2019apparecchio di un utente nel momento in cui questi accede ad una data pagina di un sito web; i cookie, che possono essere impostati anche da siti web diversi da quelli che l\u2019utente sta visitando (\u201ccookie delle terze parti\u201d), sono memorizzati automaticamente dal browser dell\u2019utente e ritrasmessi al server che li ha generati ogni volta che l\u2019utente accede alla stessa pagina Internet.<\/p>\n<p>Lo scopo dei cookie \u00e8 di consentire e facilitare l\u2019accesso ad alcune pagine Internet per migliorare la navigazione dell\u2019utente.<\/p>\n<p>Solitamente i browser sono impostati per accettare automaticamente i cookie. Tuttavia gli utenti possono modificare la configurazione predefinita, in modo da disabilitare o cancellare i cookie (di volta in volta o una volta per tutte), con la conseguenza, per\u00f2, che la fruizione ottimale di alcune aree del sito web potrebbe essere preclusa. \u00c8 anche possibile verificare le modalit\u00e0 e tipologie di cookie memorizzati sul proprio browser modificando le impostazioni sui cookie del proprio browser.<\/p>\n<p>La normativa consente di memorizzare nel tuo dispositivo i cookie necessari per la navigazione e il corretto funzionamento del sito web, mentre richiede il rilascio di un consenso specifico per l\u2019utilizzo de cookie di profilazione.<\/p>\n<p>Proseguendo con la navigazione, l&#8217;utente acconsente in automatico all&#8217;uso dei cookie in conformit\u00e0 alla presente informativa &#8220;Cookie policy&#8221;. \u00c8 comunque possibile modificare le proprie preferenze agendo sulle impostazioni del proprio browser.<\/p>\n<h3><strong>Tipi di cookie utilizzati<\/strong><\/h3>\n<p>Per il nostro web utilizziamo le seguenti categorie di cookie:<\/p>\n<ol>\n<li>\n<h4><strong><em> Cookie indispensabili<\/em><\/strong><\/h4>\n<\/li>\n<\/ol>\n<p>Questi cookie sono necessari al corretto funzionamento del nostro sito web e per utilizzare e\/o migliorare le varie funzioni e\/o servizi richiesti. Il sito web non potrebbe funzionare senza questi cookie.<\/p>\n<table>\n<tbody>\n<tr>\n<td>Nome<\/td>\n<td>Proprietario<\/td>\n<td width=\"277\">Descrizione<\/td>\n<td width=\"100\">Scadenza<\/td>\n<\/tr>\n<tr>\n<td>PHPSESSID<\/td>\n<td>poligraficaveneta.it<\/td>\n<td width=\"277\">Preserva gli stati dell\u2019utente nelle diverse pagine del sito.<\/td>\n<td width=\"100\">Di sessione<\/td>\n<\/tr>\n<tr>\n<td>id_lingua_cookie<\/td>\n<td>poligraficaveneta.it<\/td>\n<td width=\"277\">Preserva la lingua impostata dall\u2019utente nelle diverse pagine del sito<\/td>\n<td width=\"100\">Di sessione<\/td>\n<\/tr>\n<\/tbody>\n<\/table>\n<ol start=\"2\">\n<li>\n<h4><strong><em> Cookie di analisi<\/em><\/strong><\/h4>\n<\/li>\n<\/ol>\n<p>Questi cookie ci permettono di perfezionare il nostro sito web monitorando ed analizzando il comportamento degli utenti, al fine di apportare miglioramenti e di facilitare la navigazione. Ad esempio, i cookie di analisi possono aiutarci a tener traccia di quali sono le pagine visitate frequentemente.<\/p>\n<p>Al fine di analizzare le modalit\u00e0 di utilizzo dei siti web, \u201cPoligrafica Veneta srl\u201d si avvale anche del servizio di analisi web &#8220;Google Analytics&#8221; fornito da Google (<a href=\"https:\/\/www.google.com\/intl\/it_it\/analytics\/learn\/privacy.html\" target=\"_blank\" rel=\"noopener\">https:\/\/www.google.com\/intl\/it_it\/analytics\/learn\/privacy.html<\/a>)<\/p>\n<table>\n<tbody>\n<tr>\n<td width=\"133\">Nome<\/td>\n<td width=\"141\">Proprietario<\/td>\n<td width=\"293\">Descrizione<\/td>\n<td>Scadenza<\/td>\n<\/tr>\n<tr>\n<td width=\"133\">_ga<\/td>\n<td width=\"141\">poligraficaveneta.it<\/td>\n<td width=\"293\">Usato per raccogliere dati sull\u2019utilizzo del sito da parte degli utenti<\/td>\n<td>2 anni<\/td>\n<\/tr>\n<tr>\n<td width=\"133\">_gat<\/td>\n<td width=\"141\">poligraficaveneta.it<\/td>\n<td width=\"293\">Utilizzato da google analytics per limitare la frequenza delle richieste<\/td>\n<td>Di sessione<\/td>\n<\/tr>\n<tr>\n<td width=\"133\">_gid<\/td>\n<td width=\"141\">poligraficaveneta.it<\/td>\n<td width=\"293\">Usato per raccogliere dati sull\u2019utilizzo del sito da parte degli utenti<\/td>\n<td>Di sessione<\/td>\n<\/tr>\n<tr>\n<td width=\"133\">Collect<\/td>\n<td width=\"141\">Google Inc.<\/td>\n<td width=\"293\">Utilizzato per inviare dati a Google Analytics in merito al dispositivo e al comportamento del visitatore. Tiene traccia del visitatore su dispositivi e canali di marketing<\/td>\n<td>Di sessione<\/td>\n<\/tr>\n<tr>\n<td width=\"133\">personalization_id<\/td>\n<td width=\"141\">Twitter.com<\/td>\n<td width=\"293\">Questo cookie \u00e8 impostato da Twitter. Il cookie consente al visitatore di condividere contenuti dal sito web sul proprio profilo Twitter.<\/td>\n<td>2 anni<\/td>\n<\/tr>\n<\/tbody>\n<\/table>\n<p>Tali dati non permettono di identificare personalmente l&#8217;utente: tutti i dati raccolti sono aggregati e, in quanto tali, anonimi.<\/p>\n<ol start=\"3\">\n<li>\n<h4><strong><em> Cookie di terze parti e Social media cookie<\/em><\/strong><\/h4>\n<\/li>\n<\/ol>\n<p>Il nostro sito web pu\u00f2 consentire l&#8217;utilizzo di cookie di terze parti che potrebbero raccogliere informazioni sugli spostamenti dell&#8217;utente in Internet e, in particolare, nell&#8217;ambito del nostro sito web.<\/p>\n<table width=\"642\">\n<tbody>\n<tr>\n<td>Nome<\/td>\n<td>Proprietario<\/td>\n<td width=\"405\">Descrizione<\/td>\n<td width=\"76\">Scadenza<\/td>\n<\/tr>\n<tr>\n<td>guest_id<\/td>\n<td>Twitter.com<\/td>\n<td width=\"405\">Raccoglie dati anonimi relativi alle visite dell&#8217;utente al sito web, come il numero di visite, il tempo medio trascorso sul sito Web e le pagine caricate, allo scopo di personalizzare e migliorare il servizio Twitter.<\/td>\n<td width=\"76\">2 anni<\/td>\n<\/tr>\n<\/tbody>\n<\/table>\n<p>I cookie di terze parti non sono sotto il nostro controllo e, pertanto, per ulteriori informazioni su come la terza parte utilizza i cookie, si consiglia di visitare il sito web della terza parte di cui qui di seguito si riportano gli indirizzi web ove presenti le diverse informative e modalit\u00e0 di gestione dei cookie terze parti:<\/p>\n<ul>\n<li>Twitter:\n<ul>\n<li>Informativa:\u00a0<a href=\"https:\/\/support.twitter.com\/articles\/20170514\" target=\"_blank\" rel=\"noopener\">https:\/\/support.twitter.com\/articles\/20170514<\/a><\/li>\n<li>Configurazioni:\u00a0<a href=\"https:\/\/twitter.com\/settings\/security\" target=\"_blank\" rel=\"noopener\">https:\/\/twitter.com\/settings\/security<\/a><\/li>\n<\/ul>\n<\/li>\n<\/ul>\n<h3><strong>Rinuncia ai cookie<\/strong><\/h3>\n<p>In ogni momento l&#8217;utente pu\u00f2 accettare tutti i cookie utilizzati in questo sito web, accettarne solo alcuni o rifiutarli tutti. Il rifiuto dei cookie necessari potrebbe rendere impossibile la navigazione.<\/p>\n<p>Per disabilitare i cookie necessari si pu\u00f2 agire dalle impostazioni del proprio browser. Di seguito si riportano i link con le istruzioni da seguire per i browser pi\u00f9 utilizzati:<\/p>\n<p>Chrome. Info su: <a href=\"https:\/\/support.google.com\/accounts\/answer\/61416?hl=en\" target=\"_blank\" rel=\"noopener\">https:\/\/support.google.com\/accounts\/answer\/61416?hl=en<\/a><\/p>\n<p>Mozilla Firefox. Info su: <a href=\"https:\/\/support.mozilla.org\/en-US\/kb\/enable-and-disable-cookies-website-preferences\" target=\"_blank\" rel=\"noopener\">https:\/\/support.mozilla.org\/en-US\/kb\/enable-and-disable-cookie-website-preferences<\/a><\/p>\n<p>Internet Explorer. Info su: <a href=\"https:\/\/support.microsoft.com\/it-it\/help\/17442\/windows-internet-explorer-delete-manage-cookies\" target=\"_blank\" rel=\"noopener\">https:\/\/support.microsoft.com\/it-it\/help\/17442\/windows-internet-explorer-delete-manage-cookie<\/a><\/p>\n<p>Safari. Info su: <a href=\"https:\/\/support.apple.com\/kb\/PH17191?locale=it_IT\" target=\"_blank\" rel=\"noopener\">https:\/\/support.apple.com\/kb\/PH17191?locale=it_IT<\/a><\/p>\n<ul>\n<li><strong>Gestione dei nostri cookie utilizzati per finalit\u00e0 di marketing<\/strong><br \/>\nL&#8217;utente pu\u00f2 configurare le proprie scelte circa l&#8217;utilizzo o meno dei nostri cookie per finalit\u00e0 di marketing attraverso le impostazioni del proprio browser..<br \/>\nLaddove l&#8217;utente volesse cancellare tutti i cookie presenti sul suo dispositivo, potr\u00e0 farlo semplicemente selezionando, sul proprio browser, le impostazioni che consentono di rifiutarli.<br \/>\nOgni browser ha specifiche istruzioni di configurazione. Ulteriori informazioni in merito alle procedure da seguire per disabilitare i cookie possono essere trovati sul sito internet del fornitore del browser.<br \/>\nGoogle Chrome:\u00a0<a href=\"https:\/\/support.google.com\/chrome\/answer\/95647?hl=it\" target=\"_blank\" rel=\"noopener\">https:\/\/support.google.com\/chrome\/answer\/95647?hl=it<\/a><br \/>\nMozilla Firefox:\u00a0<a href=\"http:\/\/support.mozilla.org\/it\/kb\/Attivare%20e%20disattivare%20i%20cookie\" target=\"_blank\" rel=\"noopener\">http:\/\/support.mozilla.org\/it\/kb\/Attivare%20e%20disattivare%20i%20cookie\u00a0<\/a><br \/>\nInternet Explorer:\u00a0<a href=\"http:\/\/windows.microsoft.com\/it-it\/windows7\/block-enable-or-allow-cookies\" target=\"_blank\" rel=\"noopener\">http:\/\/windows.microsoft.com\/it-it\/windows7\/block-enable-or-allow-cookie<\/a><br \/>\nApple Safari:\u00a0<a href=\"http:\/\/support.apple.com\/kb\/PH5049\" target=\"_blank\" rel=\"noopener\">http:\/\/support.apple.com\/kb\/PH5049<\/a><\/li>\n<\/ul>\n<ul>\n<li><strong>Gestione di Google Analytics<\/strong><br \/>\nPer disabilitare soltanto l&#8217;uso dei cookie di Google Analytics l&#8217;utente pu\u00f2 utilizzare il componente aggiuntivo messo a disposizione da Google al seguente collegamento seguendo la procedura di opt-out indicata da Google\u00a0<a href=\"https:\/\/tools.google.com\/dlpage\/gaoptout?hl=it\" target=\"_blank\" rel=\"noopener\">https:\/\/tools.google.com\/dlpage\/gaoptout?hl=it<\/a><\/li>\n<\/ul>\n<p>Tali dati saranno trattati esclusivamente nell&#8217;ambito delle finalit\u00e0 sopraddette.<\/p>\n<p>Nel rispetto delle misure minime di sicurezza, i suoi dati potranno altres\u00ec essere comunicati a soggetti di pubblica sicurezza e ad altri soggetti pubblici e privati per l&#8217;adempimento di obblighi previsti dalla legge anche di natura fiscale, amministrativa, finanziaria e simili. In nessun caso i dati saranno diffusi.<\/p>\n<h3><strong>Il Titolare del Trattamento <\/strong><\/h3>\n<p>Titolare del trattamento \u00e8<\/p>\n<p>POLIGRAFICA VENETA SRL<br \/>\nVIA CASTELLARO 5 -SAN PIETRO IN GU (PD) \u2013 35010<br \/>\nP.IVA\/C.F. 01381670288<br \/>\nTel. 049 9455340<br \/>\nMail: info@poligraficaveneta.it<\/p>\n<p>Per chiarimenti in merito all\u2019utilizzo dei dati e per esercitare tutti i diritti disciplinati agli articoli 15-22 del regolamento UE 679\/2016 \u00e8 possibile inviare una mail all\u2019indirizzo: \u201cinfo@poligraficaveneta.it\u201d con oggetto \u201cEsercizio dei diritti dell\u2019interessato\u201d e specificando nel corpo della mail il diritto che si intende esercitare.<\/p>\n<p>L\u2019interessato pu\u00f2 inoltre proporre reclamo all&#8217;Autorit\u00e0 Garante della Privacy.<\/p>\n[\/vc_column][\/vc_row]\n<\/div>","protected":false},"excerpt":{"rendered":"<p>[vc_row padding_top=&#8221;0px&#8221; padding_bottom=&#8221;0px&#8221;][vc_column fade_animation_offset=&#8221;45px&#8221; width=&#8221;1\/1&#8243;][\/vc_column][\/vc_row]<\/p>\n","protected":false},"author":7,"featured_media":0,"parent":0,"menu_order":0,"comment_status":"closed","ping_status":"closed","template":"template-blank-3.php","meta":{"footnotes":""},"class_list":["post-1276","page","type-page","status-publish","hentry","no-post-thumbnail"],"_links":{"self":[{"href":"https:\/\/www.poligraficaveneta.it\/de\/wp-json\/wp\/v2\/pages\/1276","targetHints":{"allow":["GET"]}}],"collection":[{"href":"https:\/\/www.poligraficaveneta.it\/de\/wp-json\/wp\/v2\/pages"}],"about":[{"href":"https:\/\/www.poligraficaveneta.it\/de\/wp-json\/wp\/v2\/types\/page"}],"author":[{"embeddable":true,"href":"https:\/\/www.poligraficaveneta.it\/de\/wp-json\/wp\/v2\/users\/7"}],"replies":[{"embeddable":true,"href":"https:\/\/www.poligraficaveneta.it\/de\/wp-json\/wp\/v2\/comments?post=1276"}],"version-history":[{"count":0,"href":"https:\/\/www.poligraficaveneta.it\/de\/wp-json\/wp\/v2\/pages\/1276\/revisions"}],"wp:attachment":[{"href":"https:\/\/www.poligraficaveneta.it\/de\/wp-json\/wp\/v2\/media?parent=1276"}],"curies":[{"name":"wp","href":"https:\/\/api.w.org\/{rel}","templated":true}]}}