{"id":1240,"date":"2019-07-29T14:50:04","date_gmt":"2019-07-29T12:50:04","guid":{"rendered":"https:\/\/poligraficaveneta.it\/imballi-in-carta\/"},"modified":"2019-08-08T18:11:34","modified_gmt":"2019-08-08T16:11:34","slug":"papierverpackungen","status":"publish","type":"page","link":"https:\/\/www.poligraficaveneta.it\/de\/papierverpackungen\/","title":{"rendered":"Papierverpackungen"},"content":{"rendered":"<div class=\"wpb-content-wrapper\">[vc_row inner_container=&#8221;true&#8221; padding_top=&#8221;50px&#8221; padding_bottom=&#8221;30px&#8221; bg_video=&#8221;&#8221; class=&#8221;&#8221; style=&#8221;&#8221;][vc_column fade_animation_offset=&#8221;45px&#8221; alignment=&#8221;center&#8221; width=&#8221;1\/1&#8243; id=&#8221;&#8221; class=&#8221;&#8221; style=&#8221;&#8221;][vc_raw_html]JTNDaDElM0VQYXBpZXJ2ZXJwYWNrdW5nZW4lM0MlMkZoMSUzRQ==[\/vc_raw_html]<hr  class=\"x-gap\" style=\"margin: 30px 0 0 0;\"><p>Die Fertigung von Poligrafica Veneta S.r.l. f\u00fcr den Sektor Industrieverpackungen aus Papier erfolgt in der Via Mazzini 64 in einem modernisierten Werk.<\/p>\n<p>Die Produktionslinien sind in der Lage, bedruckte T\u00fcten mit einem Inhalt von 500 g bis maximal 10 kg zu fertigen, sowie moderne Shoppers. Der Gro\u00dfteil der Produktion des Sektors betrifft jedoch 1-kg-T\u00fcten f\u00fcr die Verpackung von Mehl und Zucker.<\/p>\n<p>Die neue Maschine verwendet ein innovatives System, um ein Produkt von anderen Auffassung im Vergleich zu den \u00fcblichen auf dem Markt anwesenden Papiertragetaschen zu erzielen.<\/p>\n<p>Im Werk werden pro Jahr ca. 500.000.000 T\u00fcten hergestellt, die vor allem f\u00fcr den europ\u00e4ischen und internationalen Markt bestimmt sind.<\/p>\n<hr  class=\"x-gap\" style=\"margin: 30px 0 0 0;\">[\/vc_column][\/vc_row][vc_row inner_container=&#8221;true&#8221; no_margin=&#8221;true&#8221; padding_top=&#8221;50px&#8221; padding_bottom=&#8221;0&#8243; bg_video=&#8221;&#8221; class=&#8221;&#8221; style=&#8221;&#8221;][vc_column fade_animation_offset=&#8221;45px&#8221; alignment=&#8221;center&#8221; width=&#8221;1\/3&#8243; id=&#8221;&#8221; class=&#8221;&#8221; style=&#8221;&#8221;][vc_single_image image=&#8221;1445&#8243; img_size=&#8221;200&#215;200&#8243; alignment=&#8221;center&#8221; onclick=&#8221;link_image&#8221;]<hr  class=\"x-gap\" style=\"margin: 20px 0 0 0;\"><h5>T\u00dcTEN AUS KRAFTPAPIER MIT QUADRATISCHEM BODEN<\/h5>\n<p>Herstellung von SOS Kraftpapiert\u00fcten mit quadratischem Boden und Gr\u00f6\u00dfen von 500 g und 1 kg bis zu 10 kg.<\/p>\n<a href=\"https:\/\/poligraficaveneta.it\/de\/kontakte\/\" title=\"Contatti\"  data-id=\"mpc_button-3969f42774841b1\" class=\"mpc-button mpc-init mpc-transition mpc-typography--preset_2 \" ><div class=\"mpc-button__content mpc-effect-type--stay mpc-effect-side--right\"><span class=\"mpc-button__title mpc-transition\">Weitere Informationen anfordern<\/span><i class=\"mpc-button__icon mpc-transition  fa fa-chevron-right\"><\/i><\/div><div class=\"mpc-button__background mpc-transition mpc-effect-type--fade mpc-effect-side--in\"><\/div><\/a><hr  class=\"x-gap\" style=\"margin: 20px 0 0 0;\">[\/vc_column][vc_column fade_animation_offset=&#8221;45px&#8221; alignment=&#8221;center&#8221; width=&#8221;1\/3&#8243; id=&#8221;&#8221; class=&#8221;&#8221; style=&#8221;&#8221;][vc_single_image image=&#8221;1444&#8243; img_size=&#8221;200&#215;200&#8243; alignment=&#8221;center&#8221; onclick=&#8221;link_image&#8221;]<hr  class=\"x-gap\" style=\"margin: 20px 0 0 0;\"><h5>BEDRUCKTE KRAFTPAPIERROLLEN<\/h5>\n<p>Wir verwenden f\u00fcr den Flexodruck Tinte auf Wasserbasis, sowie migrationsarme Tinte f\u00fcr den Offset-Druck.<\/p>\n<a href=\"https:\/\/poligraficaveneta.it\/de\/kontakte\/\" title=\"Contatti\"  data-id=\"mpc_button-7869f427748428e\" class=\"mpc-button mpc-init mpc-transition mpc-typography--preset_2 \" ><div class=\"mpc-button__content mpc-effect-type--stay mpc-effect-side--right\"><span class=\"mpc-button__title mpc-transition\">Weitere Informationen anfordern<\/span><i class=\"mpc-button__icon mpc-transition  fa fa-chevron-right\"><\/i><\/div><div class=\"mpc-button__background mpc-transition mpc-effect-type--fade mpc-effect-side--in\"><\/div><\/a><hr  class=\"x-gap\" style=\"margin: 20px 0 0 0;\">[\/vc_column][vc_column fade_animation_offset=&#8221;45px&#8221; alignment=&#8221;center&#8221; width=&#8221;1\/3&#8243; id=&#8221;&#8221; class=&#8221;&#8221; style=&#8221;&#8221;][vc_single_image image=&#8221;1435&#8243; img_size=&#8221;200&#215;200&#8243; alignment=&#8221;center&#8221; onclick=&#8221;link_image&#8221;]<hr  class=\"x-gap\" style=\"margin: 20px 0 0 0;\"><h5>T\u00dcTEN MIT SICHTFENSTER<\/h5>\n<p>Herstellung von SOS T\u00fcten mit kundenspezifisch gestaltbaren Sichtfenstern, einlagig mit Patch Window oder zweilagig.<\/p>\n<a href=\"https:\/\/poligraficaveneta.it\/de\/kontakte\/\" title=\"Contatti\"  data-id=\"mpc_button-6269f4277484332\" class=\"mpc-button mpc-init mpc-transition mpc-typography--preset_2 \" ><div class=\"mpc-button__content mpc-effect-type--stay mpc-effect-side--right\"><span class=\"mpc-button__title mpc-transition\">Weitere Informationen anfordern<\/span><i class=\"mpc-button__icon mpc-transition  fa fa-chevron-right\"><\/i><\/div><div class=\"mpc-button__background mpc-transition mpc-effect-type--fade mpc-effect-side--in\"><\/div><\/a><hr  class=\"x-gap\" style=\"margin: 20px 0 0 0;\">[\/vc_column][\/vc_row][vc_row inner_container=&#8221;true&#8221; no_margin=&#8221;true&#8221; padding_top=&#8221;0&#8243; padding_bottom=&#8221;30px&#8221; bg_video=&#8221;&#8221; class=&#8221;&#8221; style=&#8221;&#8221;][vc_column fade_animation_offset=&#8221;45px&#8221; alignment=&#8221;center&#8221; width=&#8221;1\/3&#8243; id=&#8221;&#8221; class=&#8221;&#8221; style=&#8221;&#8221;][vc_single_image image=&#8221;1432&#8243; img_size=&#8221;200&#215;200&#8243; alignment=&#8221;center&#8221; onclick=&#8221;link_image&#8221;]<hr  class=\"x-gap\" style=\"margin: 20px 0 0 0;\"><h5>KRAFTPAPIERT\u00dcTEN MIT GRIFF<\/h5>\n<p>Herstellung von SOS T\u00fcten, ein- oder zweilagig, mit flachem Griff und Gr\u00f6\u00dfe von 5 bis 10 kg.<\/p>\n<a href=\"https:\/\/poligraficaveneta.it\/de\/kontakte\/\" title=\"Contatti\"  data-id=\"mpc_button-4569f42774843cb\" class=\"mpc-button mpc-init mpc-transition mpc-typography--preset_2 \" ><div class=\"mpc-button__content mpc-effect-type--stay mpc-effect-side--right\"><span class=\"mpc-button__title mpc-transition\">Weitere Informationen anfordern<\/span><i class=\"mpc-button__icon mpc-transition  fa fa-chevron-right\"><\/i><\/div><div class=\"mpc-button__background mpc-transition mpc-effect-type--fade mpc-effect-side--in\"><\/div><\/a><hr  class=\"x-gap\" style=\"margin: 20px 0 0 0;\">[\/vc_column][vc_column fade_animation_offset=&#8221;45px&#8221; alignment=&#8221;center&#8221; width=&#8221;1\/3&#8243; id=&#8221;&#8221; class=&#8221;&#8221; style=&#8221;&#8221;][vc_single_image image=&#8221;1441&#8243; img_size=&#8221;200&#215;200&#8243; alignment=&#8221;center&#8221; onclick=&#8221;link_image&#8221;]<hr  class=\"x-gap\" style=\"margin: 20px 0 0 0;\"><h5>PAPIERT\u00dcTEN MIT BARRIEREFUNKTION<\/h5>\n<p>Herstellung von SOS T\u00fcten aus speziellen Papierarten mit besonderer Barrierefunktion.<\/p>\n<a href=\"https:\/\/poligraficaveneta.it\/de\/kontakte\/\" title=\"Contatti\"  data-id=\"mpc_button-7169f4277484472\" class=\"mpc-button mpc-init mpc-transition mpc-typography--preset_2 \" ><div class=\"mpc-button__content mpc-effect-type--stay mpc-effect-side--right\"><span class=\"mpc-button__title mpc-transition\">Weitere Informationen anfordern<\/span><i class=\"mpc-button__icon mpc-transition  fa fa-chevron-right\"><\/i><\/div><div class=\"mpc-button__background mpc-transition mpc-effect-type--fade mpc-effect-side--in\"><\/div><\/a><hr  class=\"x-gap\" style=\"margin: 20px 0 0 0;\">[\/vc_column][vc_column fade_animation_offset=&#8221;45px&#8221; alignment=&#8221;center&#8221; width=&#8221;1\/3&#8243; id=&#8221;&#8221; class=&#8221;&#8221; style=&#8221;&#8221;][vc_single_image image=&#8221;1438&#8243; img_size=&#8221;200&#215;200&#8243; alignment=&#8221;center&#8221; onclick=&#8221;link_image&#8221;]<hr  class=\"x-gap\" style=\"margin: 20px 0 0 0;\"><h5>SOS TEET\u00dcTEN MIT QUADRATISCHEM BODEN<\/h5>\n<p>Zweilagige T\u00fcten f\u00fcr die Verpackung von Tee, recycelbar und biologisch abbaubar.<\/p>\n<a href=\"https:\/\/poligraficaveneta.it\/de\/kontakte\/\" title=\"Contatti\"  data-id=\"mpc_button-1669f427748450e\" class=\"mpc-button mpc-init mpc-transition mpc-typography--preset_2 \" ><div class=\"mpc-button__content mpc-effect-type--stay mpc-effect-side--right\"><span class=\"mpc-button__title mpc-transition\">Weitere Informationen anfordern<\/span><i class=\"mpc-button__icon mpc-transition  fa fa-chevron-right\"><\/i><\/div><div class=\"mpc-button__background mpc-transition mpc-effect-type--fade mpc-effect-side--in\"><\/div><\/a><hr  class=\"x-gap\" style=\"margin: 20px 0 0 0;\">[\/vc_column][\/vc_row][vc_row padding_top=&#8221;0px&#8221; padding_bottom=&#8221;0px&#8221; marginless_columns=&#8221;true&#8221; bg_video=&#8221;&#8221; class=&#8221;carousel-row&#8221; style=&#8221;margin-bottom: 0px !important&#8221;][vc_column fade_animation_offset=&#8221;45px&#8221; width=&#8221;1\/4&#8243; id=&#8221;&#8221; class=&#8221;carousel-header&#8221; style=&#8221;&#8221;]<div data-id=\"mpc_icon_column-4969f42774845a1\" class=\"mpc-icon-column mpc-init mpc-parent-hover mpc-transition mpc-icon-column--style_1 mpc-align--left \" ><div data-id=\"mpc_icon-7669f42774845d2\" class=\"mpc-icon mpc-init mpc-transition mpc-effect-none mpc-icon-hover \"><div class=\"mpc-icon-wrap\"><i class=\"mpc-icon-part mpc-regular mpc-transition  etl etl-gears\"><\/i><i class=\"mpc-icon-part mpc-hover mpc-transition  etl etl-gears\"><\/i><\/div><\/div><div class=\"mpc-icon-column__content-wrap\"><div class=\"mpc-icon-column__content\"><h3 class=\"mpc-icon-column__heading mpc-typography--preset_0 mpc-transition\">Wir investieren in neue Technologien<\/h3><div class=\"mpc-icon-column__description mpc-typography--preset_1 mpc-transition\"><p>Der heutige Markt ist durch stetig steigende Anforderungen an die Qualit\u00e4t von Verpackungsaufdrucken charakterisiert. Daher bedruckt Poligrafica Veneta seine T\u00fcten mit Spezialmaschinen, die sich durch unterschiedliche Technologien auszeichnen: vom modernen Flexodruck \u00fcber den Offsetdruck bis hin zum Rotationstiefdruck.<\/p>\n<p>Alle Technologien sind mit elektronischen Systemen ausgestattet, die die Druckqualit\u00e4t kontinuierlich \u00fcberwachen und auch Spezialverfahren wie UV-Lackierung erm\u00f6glichen.<\/p>\n<\/div><\/div><\/div><\/div>[\/vc_column][vc_column fade_animation_offset=&#8221;45px&#8221; width=&#8221;3\/4&#8243; id=&#8221;&#8221; class=&#8221;carousel-gallery&#8221; style=&#8221;&#8221;]<div class=\"mpc-carousel__wrapper mpc-waypoint\"><div id=\"mpc_carousel_image-8869f42774846cb\" class=\"mpc-carousel-image mpc-init mpc-layout--fluid mpc-effect--none mpc-force-height \"  data-mpcslick='{\"infinite\":true,\"autoplay\":false,\"slidesToShow\":3,\"slidesToScroll\":1,\"centerMode\":false,\"initialSlide\":0,\"rows\":1,\"variableWidth\":true,\"speed\":500}' data-slick-cols=\"3\"><div target=\"\"class=\"mpc-carousel__item-wrapper\" data-height=\"566\"><div onclick=\"\" class=\"mpc-item mpc-transition\"><div class=\"mpc-border\"><\/div><img loading=\"lazy\" decoding=\"async\" width=\"846\" height=\"566\" src=\"https:\/\/www.poligraficaveneta.it\/wp-content\/uploads\/2019\/07\/DSC_3118.jpg\" class=\"mpc-transition attachment-large\" alt=\"\" title=\"DSC_3118\" srcset=\"https:\/\/www.poligraficaveneta.it\/wp-content\/uploads\/2019\/07\/DSC_3118.jpg 900w, https:\/\/www.poligraficaveneta.it\/wp-content\/uploads\/2019\/07\/DSC_3118-300x201.jpg 300w, https:\/\/www.poligraficaveneta.it\/wp-content\/uploads\/2019\/07\/DSC_3118-768x514.jpg 768w, https:\/\/www.poligraficaveneta.it\/wp-content\/uploads\/2019\/07\/DSC_3118-100x67.jpg 100w, https:\/\/www.poligraficaveneta.it\/wp-content\/uploads\/2019\/07\/DSC_3118-846x566.jpg 846w\" sizes=\"auto, (max-width: 846px) 100vw, 846px\" \/><\/div><\/div><div target=\"\"class=\"mpc-carousel__item-wrapper\" data-height=\"899\"><div onclick=\"\" class=\"mpc-item mpc-transition\"><div class=\"mpc-border\"><\/div><img loading=\"lazy\" decoding=\"async\" width=\"602\" height=\"899\" src=\"https:\/\/www.poligraficaveneta.it\/wp-content\/uploads\/2019\/07\/DSC_3193.jpg\" class=\"mpc-transition attachment-large\" alt=\"\" title=\"DSC_3193\" srcset=\"https:\/\/www.poligraficaveneta.it\/wp-content\/uploads\/2019\/07\/DSC_3193.jpg 602w, https:\/\/www.poligraficaveneta.it\/wp-content\/uploads\/2019\/07\/DSC_3193-201x300.jpg 201w, https:\/\/www.poligraficaveneta.it\/wp-content\/uploads\/2019\/07\/DSC_3193-100x149.jpg 100w\" sizes=\"auto, (max-width: 602px) 100vw, 602px\" \/><\/div><\/div><div target=\"\"class=\"mpc-carousel__item-wrapper\" data-height=\"566\"><div onclick=\"\" class=\"mpc-item mpc-transition\"><div class=\"mpc-border\"><\/div><img loading=\"lazy\" decoding=\"async\" width=\"846\" height=\"566\" src=\"https:\/\/www.poligraficaveneta.it\/wp-content\/uploads\/2019\/07\/DSC_3167.jpg\" class=\"mpc-transition attachment-large\" alt=\"\" title=\"DSC_3167\" srcset=\"https:\/\/www.poligraficaveneta.it\/wp-content\/uploads\/2019\/07\/DSC_3167.jpg 900w, https:\/\/www.poligraficaveneta.it\/wp-content\/uploads\/2019\/07\/DSC_3167-300x201.jpg 300w, https:\/\/www.poligraficaveneta.it\/wp-content\/uploads\/2019\/07\/DSC_3167-768x514.jpg 768w, https:\/\/www.poligraficaveneta.it\/wp-content\/uploads\/2019\/07\/DSC_3167-100x67.jpg 100w, https:\/\/www.poligraficaveneta.it\/wp-content\/uploads\/2019\/07\/DSC_3167-846x566.jpg 846w\" sizes=\"auto, (max-width: 846px) 100vw, 846px\" \/><\/div><\/div><div target=\"\"class=\"mpc-carousel__item-wrapper\" data-height=\"1024\"><div onclick=\"\" class=\"mpc-item mpc-transition\"><div class=\"mpc-border\"><\/div><img loading=\"lazy\" decoding=\"async\" width=\"684\" height=\"1024\" src=\"https:\/\/www.poligraficaveneta.it\/wp-content\/uploads\/2019\/08\/DSC_7112-684x1024.jpg\" class=\"mpc-transition attachment-large\" alt=\"\" title=\"DSC_7112\" srcset=\"https:\/\/www.poligraficaveneta.it\/wp-content\/uploads\/2019\/08\/DSC_7112-684x1024.jpg 684w, https:\/\/www.poligraficaveneta.it\/wp-content\/uploads\/2019\/08\/DSC_7112-200x300.jpg 200w, https:\/\/www.poligraficaveneta.it\/wp-content\/uploads\/2019\/08\/DSC_7112-768x1151.jpg 768w, https:\/\/www.poligraficaveneta.it\/wp-content\/uploads\/2019\/08\/DSC_7112-100x150.jpg 100w, https:\/\/www.poligraficaveneta.it\/wp-content\/uploads\/2019\/08\/DSC_7112.jpg 801w\" sizes=\"auto, (max-width: 684px) 100vw, 684px\" \/><\/div><\/div><div target=\"\"class=\"mpc-carousel__item-wrapper\" data-height=\"566\"><div onclick=\"\" class=\"mpc-item mpc-transition\"><div class=\"mpc-border\"><\/div><img loading=\"lazy\" decoding=\"async\" width=\"846\" height=\"566\" src=\"https:\/\/www.poligraficaveneta.it\/wp-content\/uploads\/2019\/08\/DSC_3186-1024x685.jpg\" class=\"mpc-transition attachment-large\" alt=\"\" title=\"DSC_3186\" srcset=\"https:\/\/www.poligraficaveneta.it\/wp-content\/uploads\/2019\/08\/DSC_3186-1024x685.jpg 1024w, https:\/\/www.poligraficaveneta.it\/wp-content\/uploads\/2019\/08\/DSC_3186-300x201.jpg 300w, https:\/\/www.poligraficaveneta.it\/wp-content\/uploads\/2019\/08\/DSC_3186-768x514.jpg 768w, https:\/\/www.poligraficaveneta.it\/wp-content\/uploads\/2019\/08\/DSC_3186-100x67.jpg 100w, https:\/\/www.poligraficaveneta.it\/wp-content\/uploads\/2019\/08\/DSC_3186-846x566.jpg 846w, https:\/\/www.poligraficaveneta.it\/wp-content\/uploads\/2019\/08\/DSC_3186-1184x792.jpg 1184w, https:\/\/www.poligraficaveneta.it\/wp-content\/uploads\/2019\/08\/DSC_3186.jpg 1200w\" sizes=\"auto, (max-width: 846px) 100vw, 846px\" \/><\/div><\/div><div target=\"\"class=\"mpc-carousel__item-wrapper\" data-height=\"565\"><div onclick=\"\" class=\"mpc-item mpc-transition\"><div class=\"mpc-border\"><\/div><img loading=\"lazy\" decoding=\"async\" width=\"846\" height=\"565\" src=\"https:\/\/www.poligraficaveneta.it\/wp-content\/uploads\/2019\/08\/DSC_7000-1024x684.jpg\" class=\"mpc-transition attachment-large\" alt=\"\" title=\"DSC_7000\" srcset=\"https:\/\/www.poligraficaveneta.it\/wp-content\/uploads\/2019\/08\/DSC_7000-1024x684.jpg 1024w, https:\/\/www.poligraficaveneta.it\/wp-content\/uploads\/2019\/08\/DSC_7000-300x200.jpg 300w, https:\/\/www.poligraficaveneta.it\/wp-content\/uploads\/2019\/08\/DSC_7000-768x513.jpg 768w, https:\/\/www.poligraficaveneta.it\/wp-content\/uploads\/2019\/08\/DSC_7000-100x67.jpg 100w, https:\/\/www.poligraficaveneta.it\/wp-content\/uploads\/2019\/08\/DSC_7000-846x565.jpg 846w, https:\/\/www.poligraficaveneta.it\/wp-content\/uploads\/2019\/08\/DSC_7000-1184x790.jpg 1184w, https:\/\/www.poligraficaveneta.it\/wp-content\/uploads\/2019\/08\/DSC_7000.jpg 1200w\" sizes=\"auto, (max-width: 846px) 100vw, 846px\" \/><\/div><\/div><div target=\"\"class=\"mpc-carousel__item-wrapper\" data-height=\"650\"><div onclick=\"\" class=\"mpc-item mpc-transition\"><div class=\"mpc-border\"><\/div><img loading=\"lazy\" decoding=\"async\" width=\"846\" height=\"650\" src=\"https:\/\/www.poligraficaveneta.it\/wp-content\/uploads\/2019\/08\/DSC_7004-1024x787.jpg\" class=\"mpc-transition attachment-large\" alt=\"\" title=\"DSC_7004\" srcset=\"https:\/\/www.poligraficaveneta.it\/wp-content\/uploads\/2019\/08\/DSC_7004-1024x787.jpg 1024w, https:\/\/www.poligraficaveneta.it\/wp-content\/uploads\/2019\/08\/DSC_7004-300x231.jpg 300w, https:\/\/www.poligraficaveneta.it\/wp-content\/uploads\/2019\/08\/DSC_7004-768x590.jpg 768w, https:\/\/www.poligraficaveneta.it\/wp-content\/uploads\/2019\/08\/DSC_7004-100x77.jpg 100w, https:\/\/www.poligraficaveneta.it\/wp-content\/uploads\/2019\/08\/DSC_7004-846x650.jpg 846w, https:\/\/www.poligraficaveneta.it\/wp-content\/uploads\/2019\/08\/DSC_7004-1184x910.jpg 1184w, https:\/\/www.poligraficaveneta.it\/wp-content\/uploads\/2019\/08\/DSC_7004.jpg 1200w\" sizes=\"auto, (max-width: 846px) 100vw, 846px\" \/><\/div><\/div><div target=\"\"class=\"mpc-carousel__item-wrapper\" data-height=\"632\"><div onclick=\"\" class=\"mpc-item mpc-transition\"><div class=\"mpc-border\"><\/div><img loading=\"lazy\" decoding=\"async\" width=\"846\" height=\"632\" src=\"https:\/\/www.poligraficaveneta.it\/wp-content\/uploads\/2019\/08\/DSC_7015-1024x765.jpg\" class=\"mpc-transition attachment-large\" alt=\"\" title=\"DSC_7015\" srcset=\"https:\/\/www.poligraficaveneta.it\/wp-content\/uploads\/2019\/08\/DSC_7015-1024x765.jpg 1024w, https:\/\/www.poligraficaveneta.it\/wp-content\/uploads\/2019\/08\/DSC_7015-300x224.jpg 300w, https:\/\/www.poligraficaveneta.it\/wp-content\/uploads\/2019\/08\/DSC_7015-768x574.jpg 768w, https:\/\/www.poligraficaveneta.it\/wp-content\/uploads\/2019\/08\/DSC_7015-100x75.jpg 100w, https:\/\/www.poligraficaveneta.it\/wp-content\/uploads\/2019\/08\/DSC_7015-846x632.jpg 846w, https:\/\/www.poligraficaveneta.it\/wp-content\/uploads\/2019\/08\/DSC_7015-1184x885.jpg 1184w, https:\/\/www.poligraficaveneta.it\/wp-content\/uploads\/2019\/08\/DSC_7015.jpg 1200w\" sizes=\"auto, (max-width: 846px) 100vw, 846px\" \/><\/div><\/div><div target=\"\"class=\"mpc-carousel__item-wrapper\" data-height=\"565\"><div onclick=\"\" class=\"mpc-item mpc-transition\"><div class=\"mpc-border\"><\/div><img loading=\"lazy\" decoding=\"async\" width=\"846\" height=\"565\" src=\"https:\/\/www.poligraficaveneta.it\/wp-content\/uploads\/2019\/08\/DSC_7027-1024x684.jpg\" class=\"mpc-transition attachment-large\" alt=\"\" title=\"DSC_7027\" srcset=\"https:\/\/www.poligraficaveneta.it\/wp-content\/uploads\/2019\/08\/DSC_7027-1024x684.jpg 1024w, https:\/\/www.poligraficaveneta.it\/wp-content\/uploads\/2019\/08\/DSC_7027-300x200.jpg 300w, https:\/\/www.poligraficaveneta.it\/wp-content\/uploads\/2019\/08\/DSC_7027-768x513.jpg 768w, https:\/\/www.poligraficaveneta.it\/wp-content\/uploads\/2019\/08\/DSC_7027-100x67.jpg 100w, https:\/\/www.poligraficaveneta.it\/wp-content\/uploads\/2019\/08\/DSC_7027-846x565.jpg 846w, https:\/\/www.poligraficaveneta.it\/wp-content\/uploads\/2019\/08\/DSC_7027-1184x790.jpg 1184w, https:\/\/www.poligraficaveneta.it\/wp-content\/uploads\/2019\/08\/DSC_7027.jpg 1200w\" sizes=\"auto, (max-width: 846px) 100vw, 846px\" \/><\/div><\/div><div target=\"\"class=\"mpc-carousel__item-wrapper\" data-height=\"565\"><div onclick=\"\" class=\"mpc-item mpc-transition\"><div class=\"mpc-border\"><\/div><img loading=\"lazy\" decoding=\"async\" width=\"846\" height=\"565\" src=\"https:\/\/www.poligraficaveneta.it\/wp-content\/uploads\/2019\/08\/DSC_7071-1024x684.jpg\" class=\"mpc-transition attachment-large\" alt=\"\" title=\"DSC_7071\" srcset=\"https:\/\/www.poligraficaveneta.it\/wp-content\/uploads\/2019\/08\/DSC_7071-1024x684.jpg 1024w, https:\/\/www.poligraficaveneta.it\/wp-content\/uploads\/2019\/08\/DSC_7071-300x200.jpg 300w, https:\/\/www.poligraficaveneta.it\/wp-content\/uploads\/2019\/08\/DSC_7071-768x513.jpg 768w, https:\/\/www.poligraficaveneta.it\/wp-content\/uploads\/2019\/08\/DSC_7071-100x67.jpg 100w, https:\/\/www.poligraficaveneta.it\/wp-content\/uploads\/2019\/08\/DSC_7071-846x565.jpg 846w, https:\/\/www.poligraficaveneta.it\/wp-content\/uploads\/2019\/08\/DSC_7071-1184x790.jpg 1184w, https:\/\/www.poligraficaveneta.it\/wp-content\/uploads\/2019\/08\/DSC_7071.jpg 1200w\" sizes=\"auto, (max-width: 846px) 100vw, 846px\" \/><\/div><\/div><div target=\"\"class=\"mpc-carousel__item-wrapper\" data-height=\"565\"><div onclick=\"\" class=\"mpc-item mpc-transition\"><div class=\"mpc-border\"><\/div><img loading=\"lazy\" decoding=\"async\" width=\"846\" height=\"565\" src=\"https:\/\/www.poligraficaveneta.it\/wp-content\/uploads\/2019\/08\/DSC_7088-1024x684.jpg\" class=\"mpc-transition attachment-large\" alt=\"\" title=\"DSC_7088\" srcset=\"https:\/\/www.poligraficaveneta.it\/wp-content\/uploads\/2019\/08\/DSC_7088-1024x684.jpg 1024w, https:\/\/www.poligraficaveneta.it\/wp-content\/uploads\/2019\/08\/DSC_7088-300x200.jpg 300w, https:\/\/www.poligraficaveneta.it\/wp-content\/uploads\/2019\/08\/DSC_7088-768x513.jpg 768w, https:\/\/www.poligraficaveneta.it\/wp-content\/uploads\/2019\/08\/DSC_7088-100x67.jpg 100w, https:\/\/www.poligraficaveneta.it\/wp-content\/uploads\/2019\/08\/DSC_7088-846x565.jpg 846w, https:\/\/www.poligraficaveneta.it\/wp-content\/uploads\/2019\/08\/DSC_7088-1184x790.jpg 1184w, https:\/\/www.poligraficaveneta.it\/wp-content\/uploads\/2019\/08\/DSC_7088.jpg 1200w\" sizes=\"auto, (max-width: 846px) 100vw, 846px\" \/><\/div><\/div><\/div><div class=\"mpc-navigation mpc-init mpc-align--center mpc-navigation--style_3  mpc-nav-preset--preset_1\" data-mpcslider=\"mpc_carousel_image-8869f42774846cb\"><div class=\"mpc-nav__arrow mpcslick-prev\"><div class=\"mpc-nav__icon mpc-transition\"><i class=\" eti eti_arrow_carrot-left\"><div class=\"mpc-nav__background mpc-transition mpc-effect-type--fade mpc-effect-side--in\"><\/div><\/i><\/div><\/div><\/div><div class=\"mpc-navigation mpc-init mpc-align--center mpc-navigation--style_3  mpc-nav-preset--preset_1\" data-mpcslider=\"mpc_carousel_image-8869f42774846cb\"><div class=\"mpc-nav__arrow mpcslick-next\"><div class=\"mpc-nav__icon mpc-transition\"><i class=\" eti eti_arrow_carrot-right\"><div class=\"mpc-nav__background mpc-transition mpc-effect-type--fade mpc-effect-side--in\"><\/div><\/i><\/div><\/div><\/div><\/div>[\/vc_column][\/vc_row]\n<\/div>","protected":false},"excerpt":{"rendered":"<p>[vc_row inner_container=&#8221;true&#8221; padding_top=&#8221;50px&#8221; padding_bottom=&#8221;30px&#8221; bg_video=&#8221;&#8221; class=&#8221;&#8221; style=&#8221;&#8221;][vc_column fade_animation_offset=&#8221;45px&#8221; alignment=&#8221;center&#8221; width=&#8221;1\/1&#8243; id=&#8221;&#8221; class=&#8221;&#8221; style=&#8221;&#8221;][vc_raw_html]JTNDaDElM0VQYXBpZXJ2ZXJwYWNrdW5nZW4lM0MlMkZoMSUzRQ==[\/vc_raw_html][\/vc_column][\/vc_row][vc_row inner_container=&#8221;true&#8221; no_margin=&#8221;true&#8221; padding_top=&#8221;50px&#8221; padding_bottom=&#8221;0&#8243; bg_video=&#8221;&#8221; class=&#8221;&#8221; style=&#8221;&#8221;][vc_column fade_animation_offset=&#8221;45px&#8221; alignment=&#8221;center&#8221; width=&#8221;1\/3&#8243; id=&#8221;&#8221; class=&#8221;&#8221; style=&#8221;&#8221;][vc_single_image image=&#8221;1445&#8243; img_size=&#8221;200&#215;200&#8243; alignment=&#8221;center&#8221; onclick=&#8221;link_image&#8221;][\/vc_column][vc_column fade_animation_offset=&#8221;45px&#8221; alignment=&#8221;center&#8221; width=&#8221;1\/3&#8243; id=&#8221;&#8221; class=&#8221;&#8221; style=&#8221;&#8221;][vc_single_image image=&#8221;1444&#8243; img_size=&#8221;200&#215;200&#8243; alignment=&#8221;center&#8221; onclick=&#8221;link_image&#8221;][\/vc_column][vc_column fade_animation_offset=&#8221;45px&#8221; alignment=&#8221;center&#8221; width=&#8221;1\/3&#8243; id=&#8221;&#8221; class=&#8221;&#8221; style=&#8221;&#8221;][vc_single_image image=&#8221;1435&#8243; img_size=&#8221;200&#215;200&#8243; alignment=&#8221;center&#8221; onclick=&#8221;link_image&#8221;][\/vc_column][\/vc_row][vc_row inner_container=&#8221;true&#8221; no_margin=&#8221;true&#8221; padding_top=&#8221;0&#8243; padding_bottom=&#8221;30px&#8221; bg_video=&#8221;&#8221; class=&#8221;&#8221; style=&#8221;&#8221;][vc_column fade_animation_offset=&#8221;45px&#8221; alignment=&#8221;center&#8221; width=&#8221;1\/3&#8243;<\/p>\n","protected":false},"author":7,"featured_media":0,"parent":0,"menu_order":0,"comment_status":"closed","ping_status":"closed","template":"template-blank-4.php","meta":{"footnotes":""},"class_list":["post-1240","page","type-page","status-publish","hentry","no-post-thumbnail"],"_links":{"self":[{"href":"https:\/\/www.poligraficaveneta.it\/de\/wp-json\/wp\/v2\/pages\/1240","targetHints":{"allow":["GET"]}}],"collection":[{"href":"https:\/\/www.poligraficaveneta.it\/de\/wp-json\/wp\/v2\/pages"}],"about":[{"href":"https:\/\/www.poligraficaveneta.it\/de\/wp-json\/wp\/v2\/types\/page"}],"author":[{"embeddable":true,"href":"https:\/\/www.poligraficaveneta.it\/de\/wp-json\/wp\/v2\/users\/7"}],"replies":[{"embeddable":true,"href":"https:\/\/www.poligraficaveneta.it\/de\/wp-json\/wp\/v2\/comments?post=1240"}],"version-history":[{"count":0,"href":"https:\/\/www.poligraficaveneta.it\/de\/wp-json\/wp\/v2\/pages\/1240\/revisions"}],"wp:attachment":[{"href":"https:\/\/www.poligraficaveneta.it\/de\/wp-json\/wp\/v2\/media?parent=1240"}],"curies":[{"name":"wp","href":"https:\/\/api.w.org\/{rel}","templated":true}]}}