{"id":1217,"date":"2019-07-29T14:49:24","date_gmt":"2019-07-29T12:49:24","guid":{"rendered":"https:\/\/poligraficaveneta.it\/azienda\/"},"modified":"2025-07-22T10:43:26","modified_gmt":"2025-07-22T08:43:26","slug":"unternehmen","status":"publish","type":"page","link":"https:\/\/www.poligraficaveneta.it\/de\/unternehmen\/","title":{"rendered":"Unternehmen"},"content":{"rendered":"<div class=\"wpb-content-wrapper\">[vc_row inner_container=&#8221;true&#8221; padding_top=&#8221;50px&#8221; padding_bottom=&#8221;30px&#8221; bg_video=&#8221;&#8221; class=&#8221;&#8221; style=&#8221;&#8221;][vc_column fade_animation_offset=&#8221;45px&#8221; alignment=&#8221;center&#8221; width=&#8221;1\/1&#8243; id=&#8221;&#8221; class=&#8221;&#8221; style=&#8221;&#8221;][vc_raw_html]JTNDaDElM0UlM0NzcGFuJTIwY2xhc3MlM0QlMjJzdWJ0aXRsZSUyMiUzRXNlaXQlMjAxOTY5JTNDJTJGc3BhbiUzRXBvbGlncmFmaWNhJTIwdmVuZXRhJTNDJTJGaDElM0U=[\/vc_raw_html]<hr  class=\"x-gap\" style=\"margin: 30px 0 0 0;\"><p>Poligrafica Veneta S.r.l. wurde am 6. August 1969 von den drei Familien der Gr\u00fcndergesellschafter Casarotto, Grazioli und Meneghetti gegr\u00fcndet.<\/p>\n<p>Mit der Installation der ersten Maschinen zur Herstellung von T\u00fcten setzte sich das Unternehmen von Anfang an das Ziel, den aufkommenden Markt der Industrieverpackung zu erobern. Mit dem Einsatz der ersten Extrusionsanlage f\u00fcr Polyethylenfolie best\u00e4tigte es sp\u00e4ter seine ausgepr\u00e4gte Innovationsbereitschaft, die es im Lauf der Jahre immer wieder durch unabl\u00e4ssiges Engagement unter Beweis stellte.<\/p>\n<p>Jahr um Jahr wuchs das Unternehmen \u2013 sowohl was den Umsatz als auch die Vielfalt und Art der gelieferten Produkte betrifft \u2013 und konnte umfangreiche Erfahrungen im Bereich Industrieverpackung sammeln.<\/p>\n<p>Dank dessen kann Poligrafica Veneta heute auf Kraft, Kreativit\u00e4t und die F\u00e4higkeit, seinen Kunden innovative, flexible L\u00f6sungen im Bereich Verpackung zu bieten, zur\u00fcckgreifen.<\/p>\n<p>Im Einklang mit der Marktentwicklung beschloss das Unternehmen, sein Produktangebot durch die Herstellung von Papiert\u00fcten zu erg\u00e4nzen. Dadurch entstand die heutige Betriebsst\u00e4tte in Via Mazzini, die ausschlie\u00dflich kleinformatige, vorgeformte Verpackungen produziert.<\/p>\n<a href=\"https:\/\/poligraficaveneta.it\/de\/unser-beitrag-zum-umweltschutz\/\" title=\"Unser beitrag zum umweltschutz\"  data-id=\"mpc_button-3969f43e5bdb861\" class=\"mpc-button mpc-init mpc-transition mpc-typography--preset_1 \" ><div class=\"mpc-button__content mpc-effect-type--none mpc-effect-side--none\"><span class=\"mpc-button__title mpc-transition\">Unser Beitrag zum Umweltschutz<\/span><\/div><div class=\"mpc-button__background mpc-transition mpc-effect-type--fade mpc-effect-side--in\"><\/div><\/a>[\/vc_column][\/vc_row][vc_row no_margin=&#8221;true&#8221; padding_top=&#8221;0px&#8221; padding_bottom=&#8221;0px&#8221; enable_second_overlay=&#8221;true&#8221; second_overlay_opacity=&#8221;80&#8243; second_background_color=&#8221;#000000&#8243; enable_parallax=&#8221;true&#8221; parallax_background=&#8221;1327&#8243; parallax_style=&#8221;classic-fast&#8221; bg_video=&#8221;&#8221; class=&#8221;&#8221; style=&#8221;&#8221;][vc_column fade_animation_offset=&#8221;45px&#8221; width=&#8221;1\/1&#8243;][vc_row_inner inner_container=&#8221;true&#8221; padding_top=&#8221;30px&#8221; padding_bottom=&#8221;30px&#8221; bg_video=&#8221;&#8221; class=&#8221;&#8221; style=&#8221;&#8221;][vc_column_inner fade_animation_offset=&#8221;45px&#8221; width=&#8221;1\/2&#8243;]<hr  class=\"x-gap\" style=\"margin: 15px 0 0 0;\"><div data-id=\"mpc_icon_column-5069f43e5bdb920\" class=\"mpc-icon-column mpc-init mpc-parent-hover mpc-transition mpc-icon-column--style_1 mpc-align--center \" ><div data-id=\"mpc_icon-8869f43e5bdb953\" class=\"mpc-icon mpc-init mpc-transition mpc-effect-none mpc-icon-hover \"><div class=\"mpc-icon-wrap\"><i class=\"mpc-icon-part mpc-regular mpc-transition  etl etl-profile-male\"><\/i><i class=\"mpc-icon-part mpc-hover mpc-transition  etl etl-profile-male\"><\/i><\/div><\/div><div class=\"mpc-icon-column__content-wrap\"><div class=\"mpc-icon-column__content\"><h3 class=\"mpc-icon-column__heading mpc-typography--preset_0 mpc-transition\">Service<\/h3><div class=\"mpc-icon-column__description mpc-typography--preset_1 mpc-transition\"><p>Das Unternehmen verf\u00fcgt \u00fcber Personal, das auf die Planung und die L\u00f6sungsfindung f\u00fcr Probleme im Zusammenhang mit Industrieverpackung spezialisiert ist, und bietet seinen Kunden Service, Bereitschaft, Innovation und immer modernere Techniken.<\/p>\n<p>Das Vertriebsb\u00fcro liefert den Kunden einen Rundumservice sowohl f\u00fcr den Prozess von der Auftragserteilung bis zur Bearbeitung als auch f\u00fcr Kundendienst und After-Sales-Service, sodass ein dauerhaftes und auf Vertrauen basierendes Verh\u00e4ltnis mit den Kunden entsteht.<\/p>\n<p>Die zehnj\u00e4hrige Erfahrung auf ausl\u00e4ndischen M\u00e4rkten f\u00fchrte zum Einsatz von Mitarbeitern, die im internationalen Kontext in verschiedenen Sprachen (Englisch, Franz\u00f6sisch, Spanisch und Deutsch) t\u00e4tig sind.<\/p>\n<\/div><\/div><\/div><\/div>[\/vc_column_inner][vc_column_inner fade_animation_offset=&#8221;45px&#8221; width=&#8221;1\/2&#8243;]<hr  class=\"x-gap\" style=\"margin: 15px 0 0 0;\"><div data-id=\"mpc_icon_column-2269f43e5bdba56\" class=\"mpc-icon-column mpc-init mpc-parent-hover mpc-transition mpc-icon-column--style_1 mpc-align--center \" ><div data-id=\"mpc_icon-4769f43e5bdba79\" class=\"mpc-icon mpc-init mpc-transition mpc-effect-none mpc-icon-hover \"><div class=\"mpc-icon-wrap\"><i class=\"mpc-icon-part mpc-regular mpc-transition  etl etl-beaker\"><\/i><i class=\"mpc-icon-part mpc-hover mpc-transition  etl etl-beaker\"><\/i><\/div><\/div><div class=\"mpc-icon-column__content-wrap\"><div class=\"mpc-icon-column__content\"><h3 class=\"mpc-icon-column__heading mpc-typography--preset_0 mpc-transition\">Labor<\/h3><div class=\"mpc-icon-column__description mpc-typography--preset_1 mpc-transition\"><p>Im Rahmen seiner kontinuierlichen Forschungs- und Entwicklungst\u00e4tigkeiten hat das Unternehmen Poligrafica Veneta seit 2007 ein modernes Labor eingerichtet, das mit neuesten Ger\u00e4ten zur Pr\u00fcfung der wichtigsten technischen Merkmale der Verpackungen und verwendeten Rohstoffe ausgestattet ist.<\/p>\n<p>Dieses Labor ist ein unverzichtbares Element f\u00fcr eine angemessene und genaue Prozesskontrolle, die den Erzeugnissen von Poligrafica Veneta vor allem in qualitativer Hinsicht eine umfassende Garantie verleiht.<\/p>\n<\/div><\/div><\/div><\/div><hr  class=\"x-gap\" style=\"margin: 10px 0 0 0;\"><div id=\"mpc_grid_images-7069f43e5bdbb23\" class=\"mpc-grid-images mpc-init mpc-effect--none  mpc-overlay--fade\"  data-grid-cols=\"3\" data-align=\"middle-center\"><div class=\"mpc-item\"><div onclick=\"\" class=\"mpc-grid__image mpc-transition\"><img decoding=\"async\" class=\"mpc-transition \" src=\"https:\/\/www.poligraficaveneta.it\/wp-content\/uploads\/2019\/08\/laboratorio-2-400x400.jpg\" width=\"400\" height=\"400\" alt=\"laboratorio-2\" title=\"laboratorio-2\" loading=\"lazy\" \/><div class=\"mpc-item-overlay mpc-transition\"><div class=\"mpc-overlay--vertical-wrap\"><div class=\"mpc-overlay--vertical\"><a href=\"https:\/\/www.poligraficaveneta.it\/wp-content\/uploads\/2019\/08\/laboratorio-2.jpg\" rel=\"mpc[mpc_grid_images-7069f43e5bdbb23]\" class=\"mpc-icon-anchor mpc-magnific-popup\"><i class=\"mpc-item-overlay__icon mpc-type--lightbox lnr lnr-magnifier mpc-icon--icon\"><\/i><\/a><\/div><\/div><\/div><\/div><\/div><div class=\"mpc-item\"><div onclick=\"\" class=\"mpc-grid__image mpc-transition\"><img decoding=\"async\" class=\"mpc-transition \" src=\"https:\/\/www.poligraficaveneta.it\/wp-content\/uploads\/2019\/08\/laboratorio-400x400.jpg\" width=\"400\" height=\"400\" alt=\"laboratorio\" title=\"laboratorio\" loading=\"lazy\" \/><div class=\"mpc-item-overlay mpc-transition\"><div class=\"mpc-overlay--vertical-wrap\"><div class=\"mpc-overlay--vertical\"><a href=\"https:\/\/www.poligraficaveneta.it\/wp-content\/uploads\/2019\/08\/laboratorio.jpg\" rel=\"mpc[mpc_grid_images-7069f43e5bdbb23]\" class=\"mpc-icon-anchor mpc-magnific-popup\"><i class=\"mpc-item-overlay__icon mpc-type--lightbox lnr lnr-magnifier mpc-icon--icon\"><\/i><\/a><\/div><\/div><\/div><\/div><\/div><div class=\"mpc-item\"><div onclick=\"\" class=\"mpc-grid__image mpc-transition\"><img decoding=\"async\" class=\"mpc-transition \" src=\"https:\/\/www.poligraficaveneta.it\/wp-content\/uploads\/2019\/08\/laboratorio-3-400x400.jpg\" width=\"400\" height=\"400\" alt=\"laboratorio-3\" title=\"laboratorio-3\" loading=\"lazy\" \/><div class=\"mpc-item-overlay mpc-transition\"><div class=\"mpc-overlay--vertical-wrap\"><div class=\"mpc-overlay--vertical\"><a href=\"https:\/\/www.poligraficaveneta.it\/wp-content\/uploads\/2019\/08\/laboratorio-3.jpg\" rel=\"mpc[mpc_grid_images-7069f43e5bdbb23]\" class=\"mpc-icon-anchor mpc-magnific-popup\"><i class=\"mpc-item-overlay__icon mpc-type--lightbox lnr lnr-magnifier mpc-icon--icon\"><\/i><\/a><\/div><\/div><\/div><\/div><\/div><\/div>[\/vc_column_inner][\/vc_row_inner][\/vc_column][\/vc_row][vc_row inner_container=&#8221;true&#8221; no_margin=&#8221;true&#8221; padding_top=&#8221;30px&#8221; padding_bottom=&#8221;50px&#8221; bg_video=&#8221;&#8221; class=&#8221;&#8221; style=&#8221;&#8221;][vc_column fade_animation_offset=&#8221;45px&#8221; alignment=&#8221;center&#8221; width=&#8221;1\/1&#8243; id=&#8221;&#8221; class=&#8221;&#8221; style=&#8221;&#8221;][vc_raw_html]JTNDaDIlM0UlM0NzcGFuJTIwY2xhc3MlM0QlMjJzdWJ0aXRsZSUyMiUzRXplcnRpZml6aWVydGUlM0MlMkZzcGFuJTNFUXVhbGl0JUMzJUE0dCUzQyUyRmgyJTNF[\/vc_raw_html]<hr  class=\"x-gap\" style=\"margin: 30px 0 0 0;\"><p>Seit 2001 verf\u00fcgt das Unternehmen \u00fcber ein zertifiziertes Qualit\u00e4tsmanagementsystem, das gem\u00e4\u00df der Norm uni en iso 9001:2015 zertifiziert ist.<\/p>\n<p>Ein Gro\u00dfteil der von Poligrafica Veneta produzierten Verpackungen sind f\u00fcr die Lebensmittelindustrie und den direkten Kontakt mit Lebensmitteln bestimmt: ein \u00e4u\u00dferst sensibler Bereich, der w\u00e4hrend aller Herstellungsphasen h\u00f6chste Sorgfalt erfordert. Daher gelten in unserem Unternehmen die hygienisch-sanit\u00e4ren Aspekte ebenso wie die Lebensmittelsicherheit als grundlegend, weshalb die Produktionsprozesse in allen Werken auch der HACCP-Methode folgen.<\/p>\n<p>Gerade befinden wir uns auf dem Weg, die Zertifizierung UNI EN ISO 22000:2018 zu erlangen.<\/p>\n<p>Die Zertifizierungen und Qualit\u00e4tspolitik von Poligrafica Veneta stehen als Download zur Verf\u00fcgung.<\/p>\n<a href=\"https:\/\/www.poligraficaveneta.it\/wp-content\/uploads\/2019\/07\/MGI-All-3-politica-per-la-qualita-e-sicurezza-alimentare-2025.pdf\" target=\"_blank\" title=\"Qualit\u00e0\"  data-id=\"mpc_button-8369f43e5bdca41\" class=\"mpc-button mpc-init mpc-transition mpc-typography--preset_1 \" ><div class=\"mpc-button__content mpc-effect-type--none mpc-effect-side--none\"><span class=\"mpc-button__title mpc-transition\">Qualit\u00e0<\/span><\/div><div class=\"mpc-button__background mpc-transition mpc-effect-type--fade mpc-effect-side--in\"><\/div><\/a><a href=\"\/wp-content\/uploads\/2019\/07\/haccp.pdf\" target=\"_blank\" title=\"HACCP\"  data-id=\"mpc_button-7669f43e5bdcab7\" class=\"mpc-button mpc-init mpc-transition mpc-typography--preset_1 \" ><div class=\"mpc-button__content mpc-effect-type--none mpc-effect-side--none\"><span class=\"mpc-button__title mpc-transition\">HACCP<\/span><\/div><div class=\"mpc-button__background mpc-transition mpc-effect-type--fade mpc-effect-side--in\"><\/div><\/a><a href=\"\/wp-content\/uploads\/2019\/07\/Certificato-SQ-UNI-EN-ISO-9001-2015-487-POLIGRAFICA-VENETA-SRL.pdf\" target=\"_blank\" title=\"ISO 9001:2015\"  data-id=\"mpc_button-7969f43e5bdcb12\" class=\"mpc-button mpc-init mpc-transition mpc-typography--preset_1 \" ><div class=\"mpc-button__content mpc-effect-type--none mpc-effect-side--none\"><span class=\"mpc-button__title mpc-transition\">ISO 9001:2015<\/span><\/div><div class=\"mpc-button__background mpc-transition mpc-effect-type--fade mpc-effect-side--in\"><\/div><\/a><a href=\"\/wp-content\/uploads\/2019\/07\/ISO-22000-2005.pdf\" target=\"_blank\" title=\"ISO 22000:2008\"  data-id=\"mpc_button-7369f43e5bdcb66\" class=\"mpc-button mpc-init mpc-transition mpc-typography--preset_1 \" ><div class=\"mpc-button__content mpc-effect-type--none mpc-effect-side--none\"><span class=\"mpc-button__title mpc-transition\">ISO 22000:2008<\/span><\/div><div class=\"mpc-button__background mpc-transition mpc-effect-type--fade mpc-effect-side--in\"><\/div><\/a>[\/vc_column][\/vc_row][vc_row inner_container=&#8221;true&#8221; no_margin=&#8221;true&#8221; padding_top=&#8221;30px&#8221; padding_bottom=&#8221;30px&#8221; marginless_columns=&#8221;true&#8221; bg_color=&#8221;#1f2025&#8243; bg_video=&#8221;&#8221; class=&#8221;dark prodotti&#8221; style=&#8221;margin-top:-2px !important;&#8221;][vc_column fade_animation_offset=&#8221;45px&#8221; width=&#8221;1\/4&#8243; id=&#8221;&#8221; class=&#8221;prodotti-image&#8221; style=&#8221;&#8221;]<div data-id=\"mpc_image-8269f43e5bdd0ec\" onclick=\"\" class=\"mpc-image mpc-init  mpc-overlay--fade\"  data-align=\"middle-center\"><div class=\"mpc-item mpc-transition\"><img loading=\"lazy\" decoding=\"async\" width=\"300\" height=\"250\" src=\"https:\/\/www.poligraficaveneta.it\/wp-content\/uploads\/2019\/07\/imballaggi-carta-300x250.jpg\" class=\"mpc-transition attachment-medium\" alt=\"\" title=\"imballaggi carta\" srcset=\"https:\/\/www.poligraficaveneta.it\/wp-content\/uploads\/2019\/07\/imballaggi-carta-300x250.jpg 300w, https:\/\/www.poligraficaveneta.it\/wp-content\/uploads\/2019\/07\/imballaggi-carta-100x83.jpg 100w, https:\/\/www.poligraficaveneta.it\/wp-content\/uploads\/2019\/07\/imballaggi-carta.jpg 480w\" sizes=\"auto, (max-width: 300px) 100vw, 300px\" \/><div class=\"mpc-item-overlay mpc-transition\"><div class=\"mpc-overlay--vertical-wrap\"><div class=\"mpc-overlay--vertical\"><a href=\"https:\/\/poligraficaveneta.it\/de\/papierverpackungen\/\" title=\"papierverpackungen\"  class=\"mpc-icon-anchor\"><i class=\"mpc-item-overlay__icon mpc-type--external mpc-icon--icon etl etl-attachment\"><\/i><\/a><\/div><\/div><\/div><\/div><\/div>[\/vc_column][vc_column fade_animation_offset=&#8221;45px&#8221; width=&#8221;1\/4&#8243; id=&#8221;&#8221; class=&#8221;prodotti-text&#8221; style=&#8221;&#8221;]<h3>Papierverpackungen<\/h3>\n<p>Der Bereich f\u00fcr Industrieverpackungen aus Papier von Poligrafica Veneta befindet sich in einem neuen und modernen Werk, das sich durch fortschrittliche<\/p>\n<a href=\"https:\/\/poligraficaveneta.it\/de\/papierverpackungen\/\" title=\"papierverpackungen\"  data-id=\"mpc_button-7969f43e5bdd1ba\" class=\"mpc-button mpc-init mpc-transition mpc-typography--preset_1 mpc-display--block \" ><div class=\"mpc-button__content mpc-effect-type--none mpc-effect-side--none\"><span class=\"mpc-button__title mpc-transition\">erfahren sie n\u00e4heres<\/span><\/div><div class=\"mpc-button__background mpc-transition mpc-effect-type--fade mpc-effect-side--in\"><\/div><\/a><hr  class=\"x-gap\" style=\"margin: 20px 0 0 0;\">[\/vc_column][vc_column fade_animation_offset=&#8221;45px&#8221; width=&#8221;1\/4&#8243; id=&#8221;&#8221; class=&#8221;prodotti-image&#8221; style=&#8221;&#8221;]<div data-id=\"mpc_image-1569f43e5bdd64f\" onclick=\"\" class=\"mpc-image mpc-init  mpc-overlay--fade\"  data-align=\"middle-center\"><div class=\"mpc-item mpc-transition\"><img loading=\"lazy\" decoding=\"async\" width=\"300\" height=\"250\" src=\"https:\/\/www.poligraficaveneta.it\/wp-content\/uploads\/2019\/07\/imballaggi-polietilene-300x250.jpg\" class=\"mpc-transition attachment-medium\" alt=\"\" title=\"imballaggi polietilene\" srcset=\"https:\/\/www.poligraficaveneta.it\/wp-content\/uploads\/2019\/07\/imballaggi-polietilene-300x250.jpg 300w, https:\/\/www.poligraficaveneta.it\/wp-content\/uploads\/2019\/07\/imballaggi-polietilene-100x83.jpg 100w, https:\/\/www.poligraficaveneta.it\/wp-content\/uploads\/2019\/07\/imballaggi-polietilene.jpg 480w\" sizes=\"auto, (max-width: 300px) 100vw, 300px\" \/><div class=\"mpc-item-overlay mpc-transition\"><div class=\"mpc-overlay--vertical-wrap\"><div class=\"mpc-overlay--vertical\"><a href=\"https:\/\/poligraficaveneta.it\/de\/polyethylenverpackungen\/\" title=\"polyethylenverpackungen\"  class=\"mpc-icon-anchor\"><i class=\"mpc-item-overlay__icon mpc-type--external mpc-icon--icon etl etl-attachment\"><\/i><\/a><\/div><\/div><\/div><\/div><\/div>[\/vc_column][vc_column fade_animation_offset=&#8221;45px&#8221; width=&#8221;1\/4&#8243; id=&#8221;&#8221; class=&#8221;prodotti-text&#8221; style=&#8221;&#8221;]<h3>Polyethylenverpackungen<\/h3>\n<p>Der Bereich Polyethylen stellt vor allem Lebensmittelverpackungen her und zeichnet sich durch modernste Technologien aus.<\/p>\n<a href=\"https:\/\/poligraficaveneta.it\/de\/polyethylenverpackungen\/\" title=\"Polyethylenverpackungen\"  data-id=\"mpc_button-5569f43e5bdd713\" class=\"mpc-button mpc-init mpc-transition mpc-typography--preset_1 mpc-display--block \" ><div class=\"mpc-button__content mpc-effect-type--none mpc-effect-side--none\"><span class=\"mpc-button__title mpc-transition\">erfahren sie n\u00e4heres<\/span><\/div><div class=\"mpc-button__background mpc-transition mpc-effect-type--fade mpc-effect-side--in\"><\/div><\/a><hr  class=\"x-gap\" style=\"margin: 20px 0 0 0;\">[\/vc_column][\/vc_row]\n<\/div>","protected":false},"excerpt":{"rendered":"<p>[vc_row inner_container=&#8221;true&#8221; padding_top=&#8221;50px&#8221; padding_bottom=&#8221;30px&#8221; bg_video=&#8221;&#8221; class=&#8221;&#8221; style=&#8221;&#8221;][vc_column fade_animation_offset=&#8221;45px&#8221; alignment=&#8221;center&#8221; width=&#8221;1\/1&#8243; id=&#8221;&#8221; class=&#8221;&#8221; style=&#8221;&#8221;][vc_raw_html]JTNDaDElM0UlM0NzcGFuJTIwY2xhc3MlM0QlMjJzdWJ0aXRsZSUyMiUzRXNlaXQlMjAxOTY5JTNDJTJGc3BhbiUzRXBvbGlncmFmaWNhJTIwdmVuZXRhJTNDJTJGaDElM0U=[\/vc_raw_html][\/vc_column][\/vc_row][vc_row no_margin=&#8221;true&#8221; padding_top=&#8221;0px&#8221; padding_bottom=&#8221;0px&#8221; enable_second_overlay=&#8221;true&#8221; second_overlay_opacity=&#8221;80&#8243; second_background_color=&#8221;#000000&#8243; enable_parallax=&#8221;true&#8221; parallax_background=&#8221;1327&#8243; parallax_style=&#8221;classic-fast&#8221; bg_video=&#8221;&#8221; class=&#8221;&#8221; style=&#8221;&#8221;][vc_column fade_animation_offset=&#8221;45px&#8221; width=&#8221;1\/1&#8243;][vc_row_inner inner_container=&#8221;true&#8221; padding_top=&#8221;30px&#8221; padding_bottom=&#8221;30px&#8221; bg_video=&#8221;&#8221; class=&#8221;&#8221; style=&#8221;&#8221;][vc_column_inner fade_animation_offset=&#8221;45px&#8221; width=&#8221;1\/2&#8243;][\/vc_column_inner][vc_column_inner fade_animation_offset=&#8221;45px&#8221; width=&#8221;1\/2&#8243;][\/vc_column_inner][\/vc_row_inner][\/vc_column][\/vc_row][vc_row inner_container=&#8221;true&#8221; no_margin=&#8221;true&#8221; padding_top=&#8221;30px&#8221; padding_bottom=&#8221;50px&#8221; bg_video=&#8221;&#8221; class=&#8221;&#8221; style=&#8221;&#8221;][vc_column fade_animation_offset=&#8221;45px&#8221; alignment=&#8221;center&#8221; width=&#8221;1\/1&#8243; id=&#8221;&#8221; class=&#8221;&#8221; style=&#8221;&#8221;][vc_raw_html]JTNDaDIlM0UlM0NzcGFuJTIwY2xhc3MlM0QlMjJzdWJ0aXRsZSUyMiUzRXplcnRpZml6aWVydGUlM0MlMkZzcGFuJTNFUXVhbGl0JUMzJUE0dCUzQyUyRmgyJTNF[\/vc_raw_html][\/vc_column][\/vc_row][vc_row inner_container=&#8221;true&#8221; no_margin=&#8221;true&#8221; padding_top=&#8221;30px&#8221; padding_bottom=&#8221;30px&#8221; marginless_columns=&#8221;true&#8221; bg_color=&#8221;#1f2025&#8243; bg_video=&#8221;&#8221; class=&#8221;dark prodotti&#8221; style=&#8221;margin-top:-2px<\/p>\n","protected":false},"author":7,"featured_media":0,"parent":0,"menu_order":0,"comment_status":"closed","ping_status":"closed","template":"template-blank-4.php","meta":{"footnotes":""},"class_list":["post-1217","page","type-page","status-publish","hentry","no-post-thumbnail"],"_links":{"self":[{"href":"https:\/\/www.poligraficaveneta.it\/de\/wp-json\/wp\/v2\/pages\/1217","targetHints":{"allow":["GET"]}}],"collection":[{"href":"https:\/\/www.poligraficaveneta.it\/de\/wp-json\/wp\/v2\/pages"}],"about":[{"href":"https:\/\/www.poligraficaveneta.it\/de\/wp-json\/wp\/v2\/types\/page"}],"author":[{"embeddable":true,"href":"https:\/\/www.poligraficaveneta.it\/de\/wp-json\/wp\/v2\/users\/7"}],"replies":[{"embeddable":true,"href":"https:\/\/www.poligraficaveneta.it\/de\/wp-json\/wp\/v2\/comments?post=1217"}],"version-history":[{"count":2,"href":"https:\/\/www.poligraficaveneta.it\/de\/wp-json\/wp\/v2\/pages\/1217\/revisions"}],"predecessor-version":[{"id":2272,"href":"https:\/\/www.poligraficaveneta.it\/de\/wp-json\/wp\/v2\/pages\/1217\/revisions\/2272"}],"wp:attachment":[{"href":"https:\/\/www.poligraficaveneta.it\/de\/wp-json\/wp\/v2\/media?parent=1217"}],"curies":[{"name":"wp","href":"https:\/\/api.w.org\/{rel}","templated":true}]}}